{"id":529,"date":"2026-03-30T00:48:21","date_gmt":"2026-03-30T00:48:21","guid":{"rendered":"https:\/\/neomed-pharma.com\/?post_type=product&#038;p=529"},"modified":"2026-05-04T23:20:20","modified_gmt":"2026-05-04T23:20:20","slug":"nutripferd-nbs-starter-set-inkl-geschenk","status":"publish","type":"product","link":"https:\/\/neomed-pharma.com\/fr\/produit\/nutripferd-nbs-starter-set-inkl-geschenk\/","title":{"rendered":"Nutripferd + NBS + Protection \u2013 Kit de d\u00e9marrage (cadeau inclus)"},"content":{"rendered":"<p><strong>Ce kit de d\u00e9marrage comprend 1 conserve de Nutripferd\u2122, 100 ml de produit d'entretien NBS et 100 ml de r\u00e9pulsif NBS contre les mouches et les moustiques + un cadeau. Ainsi, vous pourrez d\u00e9couvrir ces produits \u00e0 moindre co\u00fbt. <\/strong>Une bo\u00eete suffit pour 50 jours pour un cheval jusqu'\u00e0 500 kg, et les deux \u00e9chantillons pour quelques jours \u00e0 quelques semaines selon les besoins.<\/p>\n<p>&nbsp;<\/p>\n<p><strong>500 g Dose Nutripferd\u2122<\/strong><\/p>\n<p>Nutripferd\u2122 est un aliment compos\u00e9 pour chevaux \u00e0 base d'algues.<br \/>\nLes algues marines activent les propri\u00e9t\u00e9s positives des animaux.<\/p>\n<p>La preuve pratique a \u00e9t\u00e9 d\u00e9montr\u00e9e lors d'un essai sur le terrain.<\/p>\n<p>1\u00a0000\u00a0cavaliers de chevaux atteints d'ecz\u00e9ma ont re\u00e7u Nutripferd\u2122 en juin\u00a01997, pour une p\u00e9riode de 3\u00a0mois, apr\u00e8s avoir rempli un questionnaire publi\u00e9 dans Reiter Revue.<br \/>\n800 ont renvoy\u00e9 le 2\u00e8me questionnaire apr\u00e8s 3 mois, le SUCC\u00c8S \u00e9tait de 72%. Tous les cavaliers ont pu garder leurs chevaux \u201e comme d'habitude \u201c, il n'y avait aucune restriction concernant la d\u00e9tention et la race.<br \/>\nAu fait, Nutripferd\u2122 peut r\u00e9duire l'utilisation d'additifs min\u00e9raux et vitaminiques.<\/p>\n<p><a href=\"https:\/\/neomed-pharma.com\/fr\/WebRoot\/Store9\/Shops\/f61d84d7-ac96-4fe6-8b64-9f6e616d57ec\/MediaGallery\/Telechargements\/Sommerekzem.pdf\/\" target=\"_blank\" rel=\"noopener\" data-link-type=\"filemanager\" data-type=\"linkpicker\">R\u00e9f\u00e9rence litt\u00e9raire : Dr. vet. C. Olschewski brochure ecz\u00e9ma d'\u00e9t\u00e9.pdf<\/a><\/p>\n<p>&nbsp;<\/p>\n<p><strong>100 ml de produit d'entretien NBS<\/strong><\/p>\n<p>Nous sommes souvent confront\u00e9s au probl\u00e8me que les chevaux souffrent de probl\u00e8mes de peau et de pelage dans les conditions les plus d\u00e9favorables, comme lors de la dermatite estivale.<br \/>\nNBS Pflegemittel est neutre en odeur et p\u00e9n\u00e9trant \u2013 il s'infiltre ainsi dans la peau et ne reste pas coll\u00e9 aux poils.<br \/>\nL'huile de foie de morue sous forme d'\u00e9mulsion \u00e9tait utilis\u00e9e dans les ann\u00e9es 60 chez les patients souffrant de br\u00fblures l\u00e9g\u00e8res. Avantage de l'huile de foie de morue :<br \/>\ndoux, ne br\u00fble pas la peau<br \/>\nsoulage les d\u00e9mangeaisons et active le renouvellement des cellules cutan\u00e9es<br \/>\npeut \u00eatre appliqu\u00e9 directement sur les zones enflamm\u00e9es, ouvertes ou cro\u00fbteuses.<br \/>\nd\u00e9tache doucement la cro\u00fbte et maintient la peau souple, important aussi pour la gale des chevaux<br \/>\nLe produit de soin NBS peut \u00e9galement \u00eatre utilis\u00e9 de mani\u00e8re optimale pour les cro\u00fbtes, la gale, les squames et les impuret\u00e9s de la peau existantes du pelage. Le risque d'une peau craquel\u00e9e et cassante est r\u00e9duit. Le produit de soin NBS donne du brillant au pelage, \u00e0 la crini\u00e8re et \u00e0 la queue.<\/p>\n<p><strong>100 ml NBS Protection pour freins et moustiques<\/strong><\/p>\n<p>NBS Anti-freins et anti-moustiques est un insectifuge contre les taons, les tiques, les mouches et les moustiques.<br \/>\nLes insectes piqueurs aga\u00e7ants peuvent g\u00e2cher la plus belle journ\u00e9e \u2013 pour le cheval comme pour le cavalier. Il est donc naturel de se d\u00e9fendre contre cette nuisance. Il existe de nombreuses possibilit\u00e9s, de nombreux produits sur le march\u00e9. Il n'est pas n\u00e9cessaire de tuer les insectes imm\u00e9diatement.<br \/>\nIl suffit de les tenir \u00e0 distance. C'est pourquoi les substances qui ne d\u00e9rangent gu\u00e8re les humains et les chevaux, mais qui ont un effet r\u00e9pulsif sur les parasites, sont populaires.<br \/>\nOr, de nombreux moyens ne sont pas particuli\u00e8rement agr\u00e9ables \u00e0 consommer. Pour les humains, ce n'est pas un probl\u00e8me ; nous pouvons faire preuve de discipline et, en g\u00e9n\u00e9ral, nous ne nous l\u00e9chons pas nous-m\u00eames ni les uns les autres \u2013 c'est d\u00e9j\u00e0 plus difficile pour les chevaux. On ne peut pas leur apprendre facilement \u00e0 renoncer aux soins de leur pelage.<br \/>\nMais on peut aussi s'en passer de poison !<br \/>\nNBS Bremsen- &amp; M\u00fcckenschutz est disponible en bidons de 5 litres \u201e pour le remplissage \u201c, en flacons de 500 ml munis d'un micro-pulv\u00e9risateur \u00e9conomique ou en vaporisateur \u00e0 pompe de 100 ml.<br \/>\nEfficacit\u00e9 en heures<br \/>\nJusqu'\u00e0 20 contre les moustiques<br \/>\nBis 3 contre les tiques<br \/>\nBis 8 contre la plupart des autres insectes piqueurs ou g\u00eanants<br \/>\nLors d'un comparatif de Stiftung Warentest, le principe actif Icaridine (Autan) a \u00e9t\u00e9 d\u00e9sign\u00e9 comme le meilleur r\u00e9pulsif.<\/p>\n<p>&nbsp;<\/p>\n<p><strong>Application<\/strong><\/p>\n<p><strong>500 g Dose Nutripferd\u2122<\/strong><\/p>\n<p>Chevaux (jusqu'\u00e0 environ 500 kg) 10 g par jour (1 cuill\u00e8re \u00e0 soupe)<br \/>\nChevaux (plus d'environ 500 kg) 15 g par jour<br \/>\nJuments pleines 20 g par jour<br \/>\nPoulains, poneys (jusqu'\u00e0 environ 200 kg) 5 g par jour (1 cuill\u00e8re \u00e0 caf\u00e9)<br \/>\nUn godet doseur est inclus.<br \/>\n4 bo\u00eetes de 500 g suffisent pour 200 jours (6 mois) pour un cheval jusqu'\u00e0 500 kg.<\/p>\n<p>Nutripferd\u2122 peut \u00eatre aliment\u00e9 toute l'ann\u00e9e ou de mani\u00e8re saisonni\u00e8re. En le nourrissant toute l'ann\u00e9e, l'animal reste dans un \u00e9tat optimal.<br \/>\nAu d\u00e9but, donnez Nutripferd\u2122 (10 g) \u00e0 la main, avec une banane, une pomme, une brioche ou un autre aliment pr\u00e9f\u00e9r\u00e9 de votre cheval. Ceci est important pour s'assurer qu'il est consomm\u00e9.<br \/>\nNourrir une fois par jour, l'heure importe peu, la r\u00e9gularit\u00e9 est importante<br \/>\nPlus tard, il peut \u00e9galement \u00eatre administr\u00e9 avec de la nourriture humide. Veillez \u00e0 ce qu'il ne reste pas au sol ou qu'il ne soit pas emport\u00e9 par le vent.<br \/>\nEntretenir la peau sensible ext\u00e9rieurement avec de l'huile NBS en compl\u00e9ment pendant la p\u00e9riode initiale.<br \/>\n<a href=\"https:\/\/neomed-pharma.com\/fr\/WebRoot\/Store9\/Shops\/f61d84d7-ac96-4fe6-8b64-9f6e616d57ec\/MediaGallery\/Telechargements\/Nutripferd-DE.pdf\/\" target=\"_blank\" rel=\"noopener\" data-link-type=\"filemanager\" data-type=\"linkpicker\">Brochure Nutripferd.pdf<\/a><\/p>\n<p>&nbsp;<\/p>\n<p><strong>100 ml de produit d'entretien NBS<\/strong><\/p>\n<p>Le produit de soin NBS est appliqu\u00e9 pur, directement sur la peau. Frottez abondamment mais d\u00e9licatement le produit de soin NBS pur sur les chevaux, une ou plusieurs fois par jour, selon les besoins. Comme l'huile est douce, elle peut \u00e9galement \u00eatre utilis\u00e9e sur les zones sensibles.<\/p>\n<p>Un effet positif se fait sentir en peu de temps. 1 \u00e0 2 litres suffisent dans la plupart des cas pour tout l'\u00e9t\u00e9.<\/p>\n<p><strong>100 ml NBS Protection pour freins et moustiques<\/strong><\/p>\n<p>Pulv\u00e9riser les chevaux selon les besoins avec le micro-pulv\u00e9risateur. Le protecteur contre les mouches et les moustiques NBS peut \u00eatre utilis\u00e9 plusieurs fois par jour pour renouveler l'effet protecteur pour le cheval et le cavalier.<br \/>\nConvient \u00e9galement aux chevaux sensibles. N\u00e9anmoins, cela va sans dire : ne pas pulv\u00e9riser dans les yeux, les naseaux ou sur les plaies ouvertes. Pour les chevaux gris, il est conseill\u00e9 d'essayer le NBS Spray anti-taons et moustiques sur une zone discr\u00e8te.<\/p>","protected":false},"excerpt":{"rendered":"<p>\u2714 Parfait pour d\u00e9couvrir les produits <span class=\"Apple-converted-space\"><br \/>\n<\/span>\u2714 Soutient le m\u00e9tabolisme, le pelage et la protection d\u00e8s le d\u00e9part <span class=\"Apple-converted-space\"><br \/>\n<\/span>\u2714 Sacoche pratique incluse en cadeau <span class=\"Apple-converted-space\">\u00a0<\/span><\/p>\n<p><strong>La fa\u00e7on id\u00e9ale d'entrer dans le service complet \u2013 essayez-le simplement et laissez-vous convaincre.<\/strong><\/p>","protected":false},"featured_media":530,"comment_status":"open","ping_status":"closed","template":"","meta":[],"product_brand":[],"product_cat":[18,28],"product_tag":[],"class_list":{"0":"post-529","1":"product","2":"type-product","3":"status-publish","4":"has-post-thumbnail","6":"product_cat-pferde","7":"product_cat-sets-und-kombipacks","9":"first","10":"instock","11":"taxable","12":"shipping-taxable","13":"purchasable","14":"product-type-simple"},"yoast_head":"<!-- This site is optimized with the Yoast SEO plugin v27.2 - https:\/\/yoast.com\/product\/yoast-seo-wordpress\/ -->\n<title>Nutripferd + NBS + Schutz - Starter-Set (inkl. Geschenk) - Neomed Pharma<\/title>\n<meta name=\"robots\" content=\"index, follow, max-snippet:-1, max-image-preview:large, max-video-preview:-1\" \/>\n<link rel=\"canonical\" href=\"https:\/\/neomed-pharma.com\/fr\/produit\/nutripferd-nbs-starter-set-inkl-geschenk\/\" \/>\n<meta property=\"og:locale\" content=\"fr_FR\" \/>\n<meta property=\"og:type\" content=\"article\" \/>\n<meta property=\"og:title\" content=\"Nutripferd + NBS + Schutz - Starter-Set (inkl. Geschenk) - Neomed Pharma\" \/>\n<meta property=\"og:description\" content=\"\u2714 Perfekt zum Kennenlernen der Produkte  \u2714 Unterst\u00fctzt Stoffwechsel, Fell &amp; Schutz von Anfang an  \u2714 Inklusive praktischer Tasche als Geschenk \u00a0  Der ideale Einstieg in die Rundumversorgung \u2013 einfach ausprobieren und \u00fcberzeugen lassen.\" \/>\n<meta property=\"og:url\" content=\"https:\/\/neomed-pharma.com\/fr\/produit\/nutripferd-nbs-starter-set-inkl-geschenk\/\" \/>\n<meta property=\"og:site_name\" content=\"Neomed Pharma\" \/>\n<meta property=\"article:modified_time\" content=\"2026-05-04T23:20:20+00:00\" \/>\n<meta property=\"og:image\" content=\"https:\/\/neomed-pharma.com\/wp-content\/uploads\/2026\/03\/Fotos-Neomed-Pharma_entdeckungspack-768x768.png\" \/>\n\t<meta property=\"og:image:width\" content=\"768\" \/>\n\t<meta property=\"og:image:height\" content=\"768\" \/>\n\t<meta property=\"og:image:type\" content=\"image\/png\" \/>\n<meta name=\"twitter:card\" content=\"summary_large_image\" \/>\n<meta name=\"twitter:label1\" content=\"Dur\u00e9e de lecture estim\u00e9e\" \/>\n\t<meta name=\"twitter:data1\" content=\"5 minutes\" \/>\n<script type=\"application\/ld+json\" class=\"yoast-schema-graph\">{\"@context\":\"https:\/\/schema.org\",\"@graph\":[{\"@type\":\"WebPage\",\"@id\":\"https:\/\/neomed-pharma.com\/produkt\/nutripferd-nbs-starter-set-inkl-geschenk\/\",\"url\":\"https:\/\/neomed-pharma.com\/produkt\/nutripferd-nbs-starter-set-inkl-geschenk\/\",\"name\":\"Nutripferd + NBS + Schutz - Starter-Set (inkl. Geschenk) - Neomed Pharma\",\"isPartOf\":{\"@id\":\"https:\/\/neomed-pharma.com\/#website\"},\"primaryImageOfPage\":{\"@id\":\"https:\/\/neomed-pharma.com\/produkt\/nutripferd-nbs-starter-set-inkl-geschenk\/#primaryimage\"},\"image\":{\"@id\":\"https:\/\/neomed-pharma.com\/produkt\/nutripferd-nbs-starter-set-inkl-geschenk\/#primaryimage\"},\"thumbnailUrl\":\"https:\/\/neomed-pharma.com\/wp-content\/uploads\/2026\/03\/Fotos-Neomed-Pharma_entdeckungspack.png\",\"datePublished\":\"2026-03-30T00:48:21+00:00\",\"dateModified\":\"2026-05-04T23:20:20+00:00\",\"breadcrumb\":{\"@id\":\"https:\/\/neomed-pharma.com\/produkt\/nutripferd-nbs-starter-set-inkl-geschenk\/#breadcrumb\"},\"inLanguage\":\"fr-FR\",\"potentialAction\":[{\"@type\":\"ReadAction\",\"target\":[\"https:\/\/neomed-pharma.com\/produkt\/nutripferd-nbs-starter-set-inkl-geschenk\/\"]}]},{\"@type\":\"ImageObject\",\"inLanguage\":\"fr-FR\",\"@id\":\"https:\/\/neomed-pharma.com\/produkt\/nutripferd-nbs-starter-set-inkl-geschenk\/#primaryimage\",\"url\":\"https:\/\/neomed-pharma.com\/wp-content\/uploads\/2026\/03\/Fotos-Neomed-Pharma_entdeckungspack.png\",\"contentUrl\":\"https:\/\/neomed-pharma.com\/wp-content\/uploads\/2026\/03\/Fotos-Neomed-Pharma_entdeckungspack.png\",\"width\":2148,\"height\":2148},{\"@type\":\"BreadcrumbList\",\"@id\":\"https:\/\/neomed-pharma.com\/produkt\/nutripferd-nbs-starter-set-inkl-geschenk\/#breadcrumb\",\"itemListElement\":[{\"@type\":\"ListItem\",\"position\":1,\"name\":\"Start\",\"item\":\"https:\/\/neomed-pharma.com\/\"},{\"@type\":\"ListItem\",\"position\":2,\"name\":\"Shop-alt\",\"item\":\"https:\/\/neomed-pharma.com\/shop-alt\/\"},{\"@type\":\"ListItem\",\"position\":3,\"name\":\"Nutripferd + NBS + Schutz &#8211; Starter-Set (inkl. Geschenk)\"}]},{\"@type\":\"WebSite\",\"@id\":\"https:\/\/neomed-pharma.com\/#website\",\"url\":\"https:\/\/neomed-pharma.com\/\",\"name\":\"Neomed Pharma\",\"description\":\"Nat\u00fcrliche Produkte auf der Basis von Meeresalgen\",\"publisher\":{\"@id\":\"https:\/\/neomed-pharma.com\/#organization\"},\"potentialAction\":[{\"@type\":\"SearchAction\",\"target\":{\"@type\":\"EntryPoint\",\"urlTemplate\":\"https:\/\/neomed-pharma.com\/?s={search_term_string}\"},\"query-input\":{\"@type\":\"PropertyValueSpecification\",\"valueRequired\":true,\"valueName\":\"search_term_string\"}}],\"inLanguage\":\"fr-FR\"},{\"@type\":\"Organization\",\"@id\":\"https:\/\/neomed-pharma.com\/#organization\",\"name\":\"Neomed Pharma\",\"url\":\"https:\/\/neomed-pharma.com\/\",\"logo\":{\"@type\":\"ImageObject\",\"inLanguage\":\"fr-FR\",\"@id\":\"https:\/\/neomed-pharma.com\/#\/schema\/logo\/image\/\",\"url\":\"https:\/\/neomed-pharma.com\/wp-content\/uploads\/2026\/03\/cropped-logo-neomed-pharma.png\",\"contentUrl\":\"https:\/\/neomed-pharma.com\/wp-content\/uploads\/2026\/03\/cropped-logo-neomed-pharma.png\",\"width\":276,\"height\":65,\"caption\":\"Neomed Pharma\"},\"image\":{\"@id\":\"https:\/\/neomed-pharma.com\/#\/schema\/logo\/image\/\"}}]}<\/script>\n<!-- \/ Yoast SEO plugin. -->","yoast_head_json":{"title":"Nutripferd + NBS + Schutz - Starter-Set (inkl. Geschenk) - Neomed Pharma","robots":{"index":"index","follow":"follow","max-snippet":"max-snippet:-1","max-image-preview":"max-image-preview:large","max-video-preview":"max-video-preview:-1"},"canonical":"https:\/\/neomed-pharma.com\/fr\/produit\/nutripferd-nbs-starter-set-inkl-geschenk\/","og_locale":"fr_FR","og_type":"article","og_title":"Nutripferd + NBS + Schutz - Starter-Set (inkl. Geschenk) - Neomed Pharma","og_description":"\u2714 Perfekt zum Kennenlernen der Produkte  \u2714 Unterst\u00fctzt Stoffwechsel, Fell &amp; Schutz von Anfang an  \u2714 Inklusive praktischer Tasche als Geschenk \u00a0  Der ideale Einstieg in die Rundumversorgung \u2013 einfach ausprobieren und \u00fcberzeugen lassen.","og_url":"https:\/\/neomed-pharma.com\/fr\/produit\/nutripferd-nbs-starter-set-inkl-geschenk\/","og_site_name":"Neomed Pharma","article_modified_time":"2026-05-04T23:20:20+00:00","og_image":[{"width":768,"height":768,"url":"https:\/\/neomed-pharma.com\/wp-content\/uploads\/2026\/03\/Fotos-Neomed-Pharma_entdeckungspack-768x768.png","type":"image\/png"}],"twitter_card":"summary_large_image","twitter_misc":{"Dur\u00e9e de lecture estim\u00e9e":"5 minutes"},"schema":{"@context":"https:\/\/schema.org","@graph":[{"@type":"WebPage","@id":"https:\/\/neomed-pharma.com\/produkt\/nutripferd-nbs-starter-set-inkl-geschenk\/","url":"https:\/\/neomed-pharma.com\/produkt\/nutripferd-nbs-starter-set-inkl-geschenk\/","name":"Nutripferd + NBS + Schutz - Starter-Set (inkl. Geschenk) - Neomed Pharma","isPartOf":{"@id":"https:\/\/neomed-pharma.com\/#website"},"primaryImageOfPage":{"@id":"https:\/\/neomed-pharma.com\/produkt\/nutripferd-nbs-starter-set-inkl-geschenk\/#primaryimage"},"image":{"@id":"https:\/\/neomed-pharma.com\/produkt\/nutripferd-nbs-starter-set-inkl-geschenk\/#primaryimage"},"thumbnailUrl":"https:\/\/neomed-pharma.com\/wp-content\/uploads\/2026\/03\/Fotos-Neomed-Pharma_entdeckungspack.png","datePublished":"2026-03-30T00:48:21+00:00","dateModified":"2026-05-04T23:20:20+00:00","breadcrumb":{"@id":"https:\/\/neomed-pharma.com\/produkt\/nutripferd-nbs-starter-set-inkl-geschenk\/#breadcrumb"},"inLanguage":"fr-FR","potentialAction":[{"@type":"ReadAction","target":["https:\/\/neomed-pharma.com\/produkt\/nutripferd-nbs-starter-set-inkl-geschenk\/"]}]},{"@type":"ImageObject","inLanguage":"fr-FR","@id":"https:\/\/neomed-pharma.com\/produkt\/nutripferd-nbs-starter-set-inkl-geschenk\/#primaryimage","url":"https:\/\/neomed-pharma.com\/wp-content\/uploads\/2026\/03\/Fotos-Neomed-Pharma_entdeckungspack.png","contentUrl":"https:\/\/neomed-pharma.com\/wp-content\/uploads\/2026\/03\/Fotos-Neomed-Pharma_entdeckungspack.png","width":2148,"height":2148},{"@type":"BreadcrumbList","@id":"https:\/\/neomed-pharma.com\/produkt\/nutripferd-nbs-starter-set-inkl-geschenk\/#breadcrumb","itemListElement":[{"@type":"ListItem","position":1,"name":"Start","item":"https:\/\/neomed-pharma.com\/"},{"@type":"ListItem","position":2,"name":"Shop-alt","item":"https:\/\/neomed-pharma.com\/shop-alt\/"},{"@type":"ListItem","position":3,"name":"Nutripferd + NBS + Schutz &#8211; Starter-Set (inkl. Geschenk)"}]},{"@type":"WebSite","@id":"https:\/\/neomed-pharma.com\/#website","url":"https:\/\/neomed-pharma.com\/","name":"Neomed Pharma","description":"Produits naturels \u00e0 base d'algues marines","publisher":{"@id":"https:\/\/neomed-pharma.com\/#organization"},"potentialAction":[{"@type":"SearchAction","target":{"@type":"EntryPoint","urlTemplate":"https:\/\/neomed-pharma.com\/?s={search_term_string}"},"query-input":{"@type":"PropertyValueSpecification","valueRequired":true,"valueName":"search_term_string"}}],"inLanguage":"fr-FR"},{"@type":"Organization","@id":"https:\/\/neomed-pharma.com\/#organization","name":"Neomed Pharma","url":"https:\/\/neomed-pharma.com\/","logo":{"@type":"ImageObject","inLanguage":"fr-FR","@id":"https:\/\/neomed-pharma.com\/#\/schema\/logo\/image\/","url":"https:\/\/neomed-pharma.com\/wp-content\/uploads\/2026\/03\/cropped-logo-neomed-pharma.png","contentUrl":"https:\/\/neomed-pharma.com\/wp-content\/uploads\/2026\/03\/cropped-logo-neomed-pharma.png","width":276,"height":65,"caption":"Neomed Pharma"},"image":{"@id":"https:\/\/neomed-pharma.com\/#\/schema\/logo\/image\/"}}]}},"_links":{"self":[{"href":"https:\/\/neomed-pharma.com\/fr\/wp-json\/wp\/v2\/product\/529","targetHints":{"allow":["GET"]}}],"collection":[{"href":"https:\/\/neomed-pharma.com\/fr\/wp-json\/wp\/v2\/product"}],"about":[{"href":"https:\/\/neomed-pharma.com\/fr\/wp-json\/wp\/v2\/types\/product"}],"replies":[{"embeddable":true,"href":"https:\/\/neomed-pharma.com\/fr\/wp-json\/wp\/v2\/comments?post=529"}],"wp:featuredmedia":[{"embeddable":true,"href":"https:\/\/neomed-pharma.com\/fr\/wp-json\/wp\/v2\/media\/530"}],"wp:attachment":[{"href":"https:\/\/neomed-pharma.com\/fr\/wp-json\/wp\/v2\/media?parent=529"}],"wp:term":[{"taxonomy":"product_brand","embeddable":true,"href":"https:\/\/neomed-pharma.com\/fr\/wp-json\/wp\/v2\/product_brand?post=529"},{"taxonomy":"product_cat","embeddable":true,"href":"https:\/\/neomed-pharma.com\/fr\/wp-json\/wp\/v2\/product_cat?post=529"},{"taxonomy":"product_tag","embeddable":true,"href":"https:\/\/neomed-pharma.com\/fr\/wp-json\/wp\/v2\/product_tag?post=529"}],"curies":[{"name":"wp","href":"https:\/\/api.w.org\/{rel}","templated":true}]}}