{"id":316,"date":"2026-03-26T12:40:45","date_gmt":"2026-03-26T12:40:45","guid":{"rendered":"https:\/\/neomed-pharma.com\/?post_type=product&#038;p=316"},"modified":"2026-05-04T23:35:11","modified_gmt":"2026-05-04T23:35:11","slug":"nbs-schweif-maehnenspray","status":"publish","type":"product","link":"https:\/\/neomed-pharma.com\/fr\/produit\/nbs-schweif-maehnenspray\/","title":{"rendered":"Spray pour crini\u00e8re et queue NBS"},"content":{"rendered":"<p>Le produit est destin\u00e9 \u00e0 am\u00e9liorer le brossage de la queue et de la crini\u00e8re. Le parfum est tr\u00e8s agr\u00e9able, non gras et permet un meilleur d\u00e9m\u00ealage.<br \/>\nPoint positif : le licol et le mors ne glissent pas.<\/p>\n<p>Application simple et selon les besoins, 1 \u00e0 2 fois par semaine. Convient \u00e9galement aux chevaux sensibles. Que diriez-vous d'une le\u00e7on de coiffure pour votre cheval ?<\/p>\n<p>&nbsp;<\/p>\n<p><strong>Application<\/strong><\/p>\n<p>Vaporiser simplement sur la queue et la crini\u00e8re.<\/p>","protected":false},"excerpt":{"rendered":"<p>Brillance, soin et facilit\u00e9 de coiffage :<br \/>\nLe spray pour queue et crini\u00e8re NBS assure des cheveux souples, r\u00e9duit les tiraillements et donne \u00e0 la crini\u00e8re et \u00e0 la queue un aspect soign\u00e9 et naturellement beau.<\/p>\n<p>1 l = 26,18 \u20ac<\/p>","protected":false},"featured_media":319,"comment_status":"open","ping_status":"closed","template":"","meta":[],"product_brand":[],"product_cat":[18,23],"product_tag":[],"class_list":{"0":"post-316","1":"product","2":"type-product","3":"status-publish","4":"has-post-thumbnail","6":"product_cat-pferde","7":"product_cat-pflege","9":"first","10":"instock","11":"taxable","12":"shipping-taxable","13":"purchasable","14":"product-type-simple"},"yoast_head":"<!-- This site is optimized with the Yoast SEO plugin v27.2 - https:\/\/yoast.com\/product\/yoast-seo-wordpress\/ -->\n<title>NBS Schweif- &amp; M\u00e4hnenspray - Neomed Pharma<\/title>\n<meta name=\"robots\" content=\"index, follow, max-snippet:-1, max-image-preview:large, max-video-preview:-1\" \/>\n<link rel=\"canonical\" href=\"https:\/\/neomed-pharma.com\/fr\/produit\/nbs-schweif-maehnenspray\/\" \/>\n<meta property=\"og:locale\" content=\"fr_FR\" \/>\n<meta property=\"og:type\" content=\"article\" \/>\n<meta property=\"og:title\" content=\"NBS Schweif- &amp; M\u00e4hnenspray - Neomed Pharma\" \/>\n<meta property=\"og:description\" content=\"Glanz, Pflege und einfache K\u00e4mmbarkeit: Das NBS Schweif- &amp; M\u00e4hnenspray sorgt f\u00fcr geschmeidiges Haar, reduziert Ziepen und verleiht M\u00e4hne und Schweif ein gepflegtes, nat\u00fcrlich sch\u00f6nes Aussehen.  1 l = 26,18 \u20ac\" \/>\n<meta property=\"og:url\" content=\"https:\/\/neomed-pharma.com\/fr\/produit\/nbs-schweif-maehnenspray\/\" \/>\n<meta property=\"og:site_name\" content=\"Neomed Pharma\" \/>\n<meta property=\"article:modified_time\" content=\"2026-05-04T23:35:11+00:00\" \/>\n<meta property=\"og:image\" content=\"https:\/\/neomed-pharma.com\/wp-content\/uploads\/2026\/03\/Fotos-Neomed-Pharma_schweif-maehne-d-1024x1024.png\" \/>\n\t<meta property=\"og:image:width\" content=\"1024\" \/>\n\t<meta property=\"og:image:height\" content=\"1024\" \/>\n\t<meta property=\"og:image:type\" content=\"image\/png\" \/>\n<meta name=\"twitter:card\" content=\"summary_large_image\" \/>\n<meta name=\"twitter:label1\" content=\"Dur\u00e9e de lecture estim\u00e9e\" \/>\n\t<meta name=\"twitter:data1\" content=\"1 minute\" \/>\n<script type=\"application\/ld+json\" class=\"yoast-schema-graph\">{\"@context\":\"https:\/\/schema.org\",\"@graph\":[{\"@type\":\"WebPage\",\"@id\":\"https:\/\/neomed-pharma.com\/produkt\/nbs-schweif-maehnenspray\/\",\"url\":\"https:\/\/neomed-pharma.com\/produkt\/nbs-schweif-maehnenspray\/\",\"name\":\"NBS Schweif- & M\u00e4hnenspray - Neomed Pharma\",\"isPartOf\":{\"@id\":\"https:\/\/neomed-pharma.com\/#website\"},\"primaryImageOfPage\":{\"@id\":\"https:\/\/neomed-pharma.com\/produkt\/nbs-schweif-maehnenspray\/#primaryimage\"},\"image\":{\"@id\":\"https:\/\/neomed-pharma.com\/produkt\/nbs-schweif-maehnenspray\/#primaryimage\"},\"thumbnailUrl\":\"https:\/\/neomed-pharma.com\/wp-content\/uploads\/2026\/03\/Fotos-Neomed-Pharma_schweif-maehne-d-scaled.png\",\"datePublished\":\"2026-03-26T12:40:45+00:00\",\"dateModified\":\"2026-05-04T23:35:11+00:00\",\"breadcrumb\":{\"@id\":\"https:\/\/neomed-pharma.com\/produkt\/nbs-schweif-maehnenspray\/#breadcrumb\"},\"inLanguage\":\"fr-FR\",\"potentialAction\":[{\"@type\":\"ReadAction\",\"target\":[\"https:\/\/neomed-pharma.com\/produkt\/nbs-schweif-maehnenspray\/\"]}]},{\"@type\":\"ImageObject\",\"inLanguage\":\"fr-FR\",\"@id\":\"https:\/\/neomed-pharma.com\/produkt\/nbs-schweif-maehnenspray\/#primaryimage\",\"url\":\"https:\/\/neomed-pharma.com\/wp-content\/uploads\/2026\/03\/Fotos-Neomed-Pharma_schweif-maehne-d-scaled.png\",\"contentUrl\":\"https:\/\/neomed-pharma.com\/wp-content\/uploads\/2026\/03\/Fotos-Neomed-Pharma_schweif-maehne-d-scaled.png\",\"width\":2560,\"height\":2560},{\"@type\":\"BreadcrumbList\",\"@id\":\"https:\/\/neomed-pharma.com\/produkt\/nbs-schweif-maehnenspray\/#breadcrumb\",\"itemListElement\":[{\"@type\":\"ListItem\",\"position\":1,\"name\":\"Start\",\"item\":\"https:\/\/neomed-pharma.com\/\"},{\"@type\":\"ListItem\",\"position\":2,\"name\":\"Shop-alt\",\"item\":\"https:\/\/neomed-pharma.com\/shop-alt\/\"},{\"@type\":\"ListItem\",\"position\":3,\"name\":\"NBS Schweif- &#038; M\u00e4hnenspray\"}]},{\"@type\":\"WebSite\",\"@id\":\"https:\/\/neomed-pharma.com\/#website\",\"url\":\"https:\/\/neomed-pharma.com\/\",\"name\":\"Neomed Pharma\",\"description\":\"Nat\u00fcrliche Produkte auf der Basis von Meeresalgen\",\"publisher\":{\"@id\":\"https:\/\/neomed-pharma.com\/#organization\"},\"potentialAction\":[{\"@type\":\"SearchAction\",\"target\":{\"@type\":\"EntryPoint\",\"urlTemplate\":\"https:\/\/neomed-pharma.com\/?s={search_term_string}\"},\"query-input\":{\"@type\":\"PropertyValueSpecification\",\"valueRequired\":true,\"valueName\":\"search_term_string\"}}],\"inLanguage\":\"fr-FR\"},{\"@type\":\"Organization\",\"@id\":\"https:\/\/neomed-pharma.com\/#organization\",\"name\":\"Neomed Pharma\",\"url\":\"https:\/\/neomed-pharma.com\/\",\"logo\":{\"@type\":\"ImageObject\",\"inLanguage\":\"fr-FR\",\"@id\":\"https:\/\/neomed-pharma.com\/#\/schema\/logo\/image\/\",\"url\":\"https:\/\/neomed-pharma.com\/wp-content\/uploads\/2026\/03\/cropped-logo-neomed-pharma.png\",\"contentUrl\":\"https:\/\/neomed-pharma.com\/wp-content\/uploads\/2026\/03\/cropped-logo-neomed-pharma.png\",\"width\":276,\"height\":65,\"caption\":\"Neomed Pharma\"},\"image\":{\"@id\":\"https:\/\/neomed-pharma.com\/#\/schema\/logo\/image\/\"}}]}<\/script>\n<!-- \/ Yoast SEO plugin. -->","yoast_head_json":{"title":"NBS Schweif- & M\u00e4hnenspray - Neomed Pharma","robots":{"index":"index","follow":"follow","max-snippet":"max-snippet:-1","max-image-preview":"max-image-preview:large","max-video-preview":"max-video-preview:-1"},"canonical":"https:\/\/neomed-pharma.com\/fr\/produit\/nbs-schweif-maehnenspray\/","og_locale":"fr_FR","og_type":"article","og_title":"NBS Schweif- & M\u00e4hnenspray - Neomed Pharma","og_description":"Glanz, Pflege und einfache K\u00e4mmbarkeit: Das NBS Schweif- &amp; M\u00e4hnenspray sorgt f\u00fcr geschmeidiges Haar, reduziert Ziepen und verleiht M\u00e4hne und Schweif ein gepflegtes, nat\u00fcrlich sch\u00f6nes Aussehen.  1 l = 26,18 \u20ac","og_url":"https:\/\/neomed-pharma.com\/fr\/produit\/nbs-schweif-maehnenspray\/","og_site_name":"Neomed Pharma","article_modified_time":"2026-05-04T23:35:11+00:00","og_image":[{"width":1024,"height":1024,"url":"https:\/\/neomed-pharma.com\/wp-content\/uploads\/2026\/03\/Fotos-Neomed-Pharma_schweif-maehne-d-1024x1024.png","type":"image\/png"}],"twitter_card":"summary_large_image","twitter_misc":{"Dur\u00e9e de lecture estim\u00e9e":"1 minute"},"schema":{"@context":"https:\/\/schema.org","@graph":[{"@type":"WebPage","@id":"https:\/\/neomed-pharma.com\/produkt\/nbs-schweif-maehnenspray\/","url":"https:\/\/neomed-pharma.com\/produkt\/nbs-schweif-maehnenspray\/","name":"NBS Schweif- & M\u00e4hnenspray - Neomed Pharma","isPartOf":{"@id":"https:\/\/neomed-pharma.com\/#website"},"primaryImageOfPage":{"@id":"https:\/\/neomed-pharma.com\/produkt\/nbs-schweif-maehnenspray\/#primaryimage"},"image":{"@id":"https:\/\/neomed-pharma.com\/produkt\/nbs-schweif-maehnenspray\/#primaryimage"},"thumbnailUrl":"https:\/\/neomed-pharma.com\/wp-content\/uploads\/2026\/03\/Fotos-Neomed-Pharma_schweif-maehne-d-scaled.png","datePublished":"2026-03-26T12:40:45+00:00","dateModified":"2026-05-04T23:35:11+00:00","breadcrumb":{"@id":"https:\/\/neomed-pharma.com\/produkt\/nbs-schweif-maehnenspray\/#breadcrumb"},"inLanguage":"fr-FR","potentialAction":[{"@type":"ReadAction","target":["https:\/\/neomed-pharma.com\/produkt\/nbs-schweif-maehnenspray\/"]}]},{"@type":"ImageObject","inLanguage":"fr-FR","@id":"https:\/\/neomed-pharma.com\/produkt\/nbs-schweif-maehnenspray\/#primaryimage","url":"https:\/\/neomed-pharma.com\/wp-content\/uploads\/2026\/03\/Fotos-Neomed-Pharma_schweif-maehne-d-scaled.png","contentUrl":"https:\/\/neomed-pharma.com\/wp-content\/uploads\/2026\/03\/Fotos-Neomed-Pharma_schweif-maehne-d-scaled.png","width":2560,"height":2560},{"@type":"BreadcrumbList","@id":"https:\/\/neomed-pharma.com\/produkt\/nbs-schweif-maehnenspray\/#breadcrumb","itemListElement":[{"@type":"ListItem","position":1,"name":"Start","item":"https:\/\/neomed-pharma.com\/"},{"@type":"ListItem","position":2,"name":"Shop-alt","item":"https:\/\/neomed-pharma.com\/shop-alt\/"},{"@type":"ListItem","position":3,"name":"NBS Schweif- &#038; M\u00e4hnenspray"}]},{"@type":"WebSite","@id":"https:\/\/neomed-pharma.com\/#website","url":"https:\/\/neomed-pharma.com\/","name":"Neomed Pharma","description":"Produits naturels \u00e0 base d'algues marines","publisher":{"@id":"https:\/\/neomed-pharma.com\/#organization"},"potentialAction":[{"@type":"SearchAction","target":{"@type":"EntryPoint","urlTemplate":"https:\/\/neomed-pharma.com\/?s={search_term_string}"},"query-input":{"@type":"PropertyValueSpecification","valueRequired":true,"valueName":"search_term_string"}}],"inLanguage":"fr-FR"},{"@type":"Organization","@id":"https:\/\/neomed-pharma.com\/#organization","name":"Neomed Pharma","url":"https:\/\/neomed-pharma.com\/","logo":{"@type":"ImageObject","inLanguage":"fr-FR","@id":"https:\/\/neomed-pharma.com\/#\/schema\/logo\/image\/","url":"https:\/\/neomed-pharma.com\/wp-content\/uploads\/2026\/03\/cropped-logo-neomed-pharma.png","contentUrl":"https:\/\/neomed-pharma.com\/wp-content\/uploads\/2026\/03\/cropped-logo-neomed-pharma.png","width":276,"height":65,"caption":"Neomed Pharma"},"image":{"@id":"https:\/\/neomed-pharma.com\/#\/schema\/logo\/image\/"}}]}},"_links":{"self":[{"href":"https:\/\/neomed-pharma.com\/fr\/wp-json\/wp\/v2\/product\/316","targetHints":{"allow":["GET"]}}],"collection":[{"href":"https:\/\/neomed-pharma.com\/fr\/wp-json\/wp\/v2\/product"}],"about":[{"href":"https:\/\/neomed-pharma.com\/fr\/wp-json\/wp\/v2\/types\/product"}],"replies":[{"embeddable":true,"href":"https:\/\/neomed-pharma.com\/fr\/wp-json\/wp\/v2\/comments?post=316"}],"wp:featuredmedia":[{"embeddable":true,"href":"https:\/\/neomed-pharma.com\/fr\/wp-json\/wp\/v2\/media\/319"}],"wp:attachment":[{"href":"https:\/\/neomed-pharma.com\/fr\/wp-json\/wp\/v2\/media?parent=316"}],"wp:term":[{"taxonomy":"product_brand","embeddable":true,"href":"https:\/\/neomed-pharma.com\/fr\/wp-json\/wp\/v2\/product_brand?post=316"},{"taxonomy":"product_cat","embeddable":true,"href":"https:\/\/neomed-pharma.com\/fr\/wp-json\/wp\/v2\/product_cat?post=316"},{"taxonomy":"product_tag","embeddable":true,"href":"https:\/\/neomed-pharma.com\/fr\/wp-json\/wp\/v2\/product_tag?post=316"}],"curies":[{"name":"wp","href":"https:\/\/api.w.org\/{rel}","templated":true}]}}