{"id":313,"date":"2026-03-26T11:56:03","date_gmt":"2026-03-26T11:56:03","guid":{"rendered":"https:\/\/neomed-pharma.com\/?post_type=product&#038;p=313"},"modified":"2026-05-04T23:35:30","modified_gmt":"2026-05-04T23:35:30","slug":"nbs-pflegemittel","status":"publish","type":"product","link":"https:\/\/neomed-pharma.com\/fr\/produit\/nbs-pflegemittel\/","title":{"rendered":"Produits de soins NBS"},"content":{"rendered":"<p>Nous sommes souvent confront\u00e9s au probl\u00e8me que les chevaux souffrent de probl\u00e8mes de peau et de pelage dans les conditions les plus d\u00e9favorables, comme lors de la dermatite estivale.<\/p>\n<p><strong>Produits de soins NBS <\/strong>est inodore et n'est pas collant, il glisse donc sur la peau et ne reste pas dans les cheveux.<\/p>\n<p>L'huile de foie de morue sous forme d'\u00e9mulsion \u00e9tait utilis\u00e9e dans les ann\u00e9es 60 chez les patients souffrant de br\u00fblures l\u00e9g\u00e8res. Avantage de l'huile de foie de morue :<\/p>\n<ul>\n<li>doux, ne br\u00fble pas la peau<\/li>\n<li>soulage les d\u00e9mangeaisons et active le renouvellement des cellules cutan\u00e9es<\/li>\n<li>peut \u00eatre appliqu\u00e9 directement sur les zones enflamm\u00e9es, ouvertes ou cro\u00fbteuses.<\/li>\n<li>d\u00e9tache doucement la cro\u00fbte et maintient la peau souple, important aussi pour la gale des chevaux<\/li>\n<\/ul>\n<p><strong>Produits de soins NBS<\/strong> peut \u00e9galement \u00eatre utilis\u00e9 de mani\u00e8re optimale pour les dartres existantes, la gale, les squames et les impuret\u00e9s de la peau du pelage. Le risque de peau craquel\u00e9e et cassante est r\u00e9duit. <strong>Produits de soins NBS <\/strong>fait briller le pelage, la crini\u00e8re et la queue.<\/p>\n<p>&nbsp;<\/p>\n<p><strong>Produits de soins NBS<\/strong> s'applique pur directement sur la peau. Les chevaux, selon les besoins, plusieurs fois par jour, en quantit\u00e9 mais en douceur, avec du pur <strong>Produits de soins NBS<\/strong> frottez. Comme l'huile est douce, elle peut \u00e9galement \u00eatre utilis\u00e9e sur les zones sensibles.<\/p>\n<p>Un effet positif se fait sentir en peu de temps. 1 \u00e0 2 litres suffisent dans la plupart des cas pour tout l'\u00e9t\u00e9.<\/p>","protected":false},"excerpt":{"rendered":"<p>Les zones chauves du pelage du cheval affectent surtout les animaux atteints de gale d'\u00e9t\u00e9. <strong>Produits de soins NBS<\/strong> Avec les propri\u00e9t\u00e9s b\u00e9n\u00e9fiques bien connues de l'huile de foie de morue appliqu\u00e9e ext\u00e9rieurement, il r\u00e9duit les d\u00e9mangeaisons et favorise la r\u00e9g\u00e9n\u00e9ration des cellules cutan\u00e9es. <strong>Bio-stimulant Naturel (BSN)<\/strong> Ce produit de soin est compos\u00e9 d'une concentration sp\u00e9ciale d'huile de foie de morue et d'huiles s\u00e9lectionn\u00e9es, et est pourtant inodore !<\/p>","protected":false},"featured_media":314,"comment_status":"open","ping_status":"closed","template":"","meta":[],"product_brand":[],"product_cat":[18,23],"product_tag":[],"class_list":{"0":"post-313","1":"product","2":"type-product","3":"status-publish","4":"has-post-thumbnail","6":"product_cat-pferde","7":"product_cat-pflege","9":"first","10":"instock","11":"taxable","12":"shipping-taxable","13":"purchasable","14":"product-type-simple"},"yoast_head":"<!-- This site is optimized with the Yoast SEO plugin v27.2 - https:\/\/yoast.com\/product\/yoast-seo-wordpress\/ -->\n<title>NBS Pflegemittel - Neomed Pharma<\/title>\n<meta name=\"robots\" content=\"index, follow, max-snippet:-1, max-image-preview:large, max-video-preview:-1\" \/>\n<link rel=\"canonical\" href=\"https:\/\/neomed-pharma.com\/fr\/produit\/nbs-pflegemittel\/\" \/>\n<meta property=\"og:locale\" content=\"fr_FR\" \/>\n<meta property=\"og:type\" content=\"article\" \/>\n<meta property=\"og:title\" content=\"NBS Pflegemittel - Neomed Pharma\" \/>\n<meta property=\"og:description\" content=\"Kahle Stellen des Pferdefells qu\u00e4len vor allem die Tiere, die unter Sommerekzem leiden. NBS Pflegemittel mit den bekannten guten Eigenschaften des Lebertrans bei \u00e4u\u00dferlicher Anwendung wirkt juckreizmindernd und unterst\u00fctzt die Hautzellregeneration. Natural Bio Stimular (NBS) Pflegemittel besteht auf einer speziellen Zusammensetzung von Lebertran und ausgesuchten \u00d6len und ist dennoch geruchlos!\" \/>\n<meta property=\"og:url\" content=\"https:\/\/neomed-pharma.com\/fr\/produit\/nbs-pflegemittel\/\" \/>\n<meta property=\"og:site_name\" content=\"Neomed Pharma\" \/>\n<meta property=\"article:modified_time\" content=\"2026-05-04T23:35:30+00:00\" \/>\n<meta property=\"og:image\" content=\"https:\/\/neomed-pharma.com\/wp-content\/uploads\/2026\/03\/Fotos-Neomed-Pharma_nbs-pflegemittel_web-1024x1024.png\" \/>\n\t<meta property=\"og:image:width\" content=\"1024\" \/>\n\t<meta property=\"og:image:height\" content=\"1024\" \/>\n\t<meta property=\"og:image:type\" content=\"image\/png\" \/>\n<meta name=\"twitter:card\" content=\"summary_large_image\" \/>\n<meta name=\"twitter:label1\" content=\"Dur\u00e9e de lecture estim\u00e9e\" \/>\n\t<meta name=\"twitter:data1\" content=\"2 minutes\" \/>\n<script type=\"application\/ld+json\" class=\"yoast-schema-graph\">{\"@context\":\"https:\/\/schema.org\",\"@graph\":[{\"@type\":\"WebPage\",\"@id\":\"https:\/\/neomed-pharma.com\/produkt\/nbs-pflegemittel\/\",\"url\":\"https:\/\/neomed-pharma.com\/produkt\/nbs-pflegemittel\/\",\"name\":\"NBS Pflegemittel - Neomed Pharma\",\"isPartOf\":{\"@id\":\"https:\/\/neomed-pharma.com\/#website\"},\"primaryImageOfPage\":{\"@id\":\"https:\/\/neomed-pharma.com\/produkt\/nbs-pflegemittel\/#primaryimage\"},\"image\":{\"@id\":\"https:\/\/neomed-pharma.com\/produkt\/nbs-pflegemittel\/#primaryimage\"},\"thumbnailUrl\":\"https:\/\/neomed-pharma.com\/wp-content\/uploads\/2026\/03\/Fotos-Neomed-Pharma_nbs-pflegemittel_web.png\",\"datePublished\":\"2026-03-26T11:56:03+00:00\",\"dateModified\":\"2026-05-04T23:35:30+00:00\",\"breadcrumb\":{\"@id\":\"https:\/\/neomed-pharma.com\/produkt\/nbs-pflegemittel\/#breadcrumb\"},\"inLanguage\":\"fr-FR\",\"potentialAction\":[{\"@type\":\"ReadAction\",\"target\":[\"https:\/\/neomed-pharma.com\/produkt\/nbs-pflegemittel\/\"]}]},{\"@type\":\"ImageObject\",\"inLanguage\":\"fr-FR\",\"@id\":\"https:\/\/neomed-pharma.com\/produkt\/nbs-pflegemittel\/#primaryimage\",\"url\":\"https:\/\/neomed-pharma.com\/wp-content\/uploads\/2026\/03\/Fotos-Neomed-Pharma_nbs-pflegemittel_web.png\",\"contentUrl\":\"https:\/\/neomed-pharma.com\/wp-content\/uploads\/2026\/03\/Fotos-Neomed-Pharma_nbs-pflegemittel_web.png\",\"width\":1730,\"height\":1730},{\"@type\":\"BreadcrumbList\",\"@id\":\"https:\/\/neomed-pharma.com\/produkt\/nbs-pflegemittel\/#breadcrumb\",\"itemListElement\":[{\"@type\":\"ListItem\",\"position\":1,\"name\":\"Start\",\"item\":\"https:\/\/neomed-pharma.com\/\"},{\"@type\":\"ListItem\",\"position\":2,\"name\":\"Shop-alt\",\"item\":\"https:\/\/neomed-pharma.com\/shop-alt\/\"},{\"@type\":\"ListItem\",\"position\":3,\"name\":\"NBS Pflegemittel\"}]},{\"@type\":\"WebSite\",\"@id\":\"https:\/\/neomed-pharma.com\/#website\",\"url\":\"https:\/\/neomed-pharma.com\/\",\"name\":\"Neomed Pharma\",\"description\":\"Nat\u00fcrliche Produkte auf der Basis von Meeresalgen\",\"publisher\":{\"@id\":\"https:\/\/neomed-pharma.com\/#organization\"},\"potentialAction\":[{\"@type\":\"SearchAction\",\"target\":{\"@type\":\"EntryPoint\",\"urlTemplate\":\"https:\/\/neomed-pharma.com\/?s={search_term_string}\"},\"query-input\":{\"@type\":\"PropertyValueSpecification\",\"valueRequired\":true,\"valueName\":\"search_term_string\"}}],\"inLanguage\":\"fr-FR\"},{\"@type\":\"Organization\",\"@id\":\"https:\/\/neomed-pharma.com\/#organization\",\"name\":\"Neomed Pharma\",\"url\":\"https:\/\/neomed-pharma.com\/\",\"logo\":{\"@type\":\"ImageObject\",\"inLanguage\":\"fr-FR\",\"@id\":\"https:\/\/neomed-pharma.com\/#\/schema\/logo\/image\/\",\"url\":\"https:\/\/neomed-pharma.com\/wp-content\/uploads\/2026\/03\/cropped-logo-neomed-pharma.png\",\"contentUrl\":\"https:\/\/neomed-pharma.com\/wp-content\/uploads\/2026\/03\/cropped-logo-neomed-pharma.png\",\"width\":276,\"height\":65,\"caption\":\"Neomed Pharma\"},\"image\":{\"@id\":\"https:\/\/neomed-pharma.com\/#\/schema\/logo\/image\/\"}}]}<\/script>\n<!-- \/ Yoast SEO plugin. -->","yoast_head_json":{"title":"NBS Pflegemittel - Neomed Pharma","robots":{"index":"index","follow":"follow","max-snippet":"max-snippet:-1","max-image-preview":"max-image-preview:large","max-video-preview":"max-video-preview:-1"},"canonical":"https:\/\/neomed-pharma.com\/fr\/produit\/nbs-pflegemittel\/","og_locale":"fr_FR","og_type":"article","og_title":"NBS Pflegemittel - Neomed Pharma","og_description":"Kahle Stellen des Pferdefells qu\u00e4len vor allem die Tiere, die unter Sommerekzem leiden. NBS Pflegemittel mit den bekannten guten Eigenschaften des Lebertrans bei \u00e4u\u00dferlicher Anwendung wirkt juckreizmindernd und unterst\u00fctzt die Hautzellregeneration. Natural Bio Stimular (NBS) Pflegemittel besteht auf einer speziellen Zusammensetzung von Lebertran und ausgesuchten \u00d6len und ist dennoch geruchlos!","og_url":"https:\/\/neomed-pharma.com\/fr\/produit\/nbs-pflegemittel\/","og_site_name":"Neomed Pharma","article_modified_time":"2026-05-04T23:35:30+00:00","og_image":[{"width":1024,"height":1024,"url":"https:\/\/neomed-pharma.com\/wp-content\/uploads\/2026\/03\/Fotos-Neomed-Pharma_nbs-pflegemittel_web-1024x1024.png","type":"image\/png"}],"twitter_card":"summary_large_image","twitter_misc":{"Dur\u00e9e de lecture estim\u00e9e":"2 minutes"},"schema":{"@context":"https:\/\/schema.org","@graph":[{"@type":"WebPage","@id":"https:\/\/neomed-pharma.com\/produkt\/nbs-pflegemittel\/","url":"https:\/\/neomed-pharma.com\/produkt\/nbs-pflegemittel\/","name":"NBS Pflegemittel - Neomed Pharma","isPartOf":{"@id":"https:\/\/neomed-pharma.com\/#website"},"primaryImageOfPage":{"@id":"https:\/\/neomed-pharma.com\/produkt\/nbs-pflegemittel\/#primaryimage"},"image":{"@id":"https:\/\/neomed-pharma.com\/produkt\/nbs-pflegemittel\/#primaryimage"},"thumbnailUrl":"https:\/\/neomed-pharma.com\/wp-content\/uploads\/2026\/03\/Fotos-Neomed-Pharma_nbs-pflegemittel_web.png","datePublished":"2026-03-26T11:56:03+00:00","dateModified":"2026-05-04T23:35:30+00:00","breadcrumb":{"@id":"https:\/\/neomed-pharma.com\/produkt\/nbs-pflegemittel\/#breadcrumb"},"inLanguage":"fr-FR","potentialAction":[{"@type":"ReadAction","target":["https:\/\/neomed-pharma.com\/produkt\/nbs-pflegemittel\/"]}]},{"@type":"ImageObject","inLanguage":"fr-FR","@id":"https:\/\/neomed-pharma.com\/produkt\/nbs-pflegemittel\/#primaryimage","url":"https:\/\/neomed-pharma.com\/wp-content\/uploads\/2026\/03\/Fotos-Neomed-Pharma_nbs-pflegemittel_web.png","contentUrl":"https:\/\/neomed-pharma.com\/wp-content\/uploads\/2026\/03\/Fotos-Neomed-Pharma_nbs-pflegemittel_web.png","width":1730,"height":1730},{"@type":"BreadcrumbList","@id":"https:\/\/neomed-pharma.com\/produkt\/nbs-pflegemittel\/#breadcrumb","itemListElement":[{"@type":"ListItem","position":1,"name":"Start","item":"https:\/\/neomed-pharma.com\/"},{"@type":"ListItem","position":2,"name":"Shop-alt","item":"https:\/\/neomed-pharma.com\/shop-alt\/"},{"@type":"ListItem","position":3,"name":"NBS Pflegemittel"}]},{"@type":"WebSite","@id":"https:\/\/neomed-pharma.com\/#website","url":"https:\/\/neomed-pharma.com\/","name":"Neomed Pharma","description":"Produits naturels \u00e0 base d'algues marines","publisher":{"@id":"https:\/\/neomed-pharma.com\/#organization"},"potentialAction":[{"@type":"SearchAction","target":{"@type":"EntryPoint","urlTemplate":"https:\/\/neomed-pharma.com\/?s={search_term_string}"},"query-input":{"@type":"PropertyValueSpecification","valueRequired":true,"valueName":"search_term_string"}}],"inLanguage":"fr-FR"},{"@type":"Organization","@id":"https:\/\/neomed-pharma.com\/#organization","name":"Neomed Pharma","url":"https:\/\/neomed-pharma.com\/","logo":{"@type":"ImageObject","inLanguage":"fr-FR","@id":"https:\/\/neomed-pharma.com\/#\/schema\/logo\/image\/","url":"https:\/\/neomed-pharma.com\/wp-content\/uploads\/2026\/03\/cropped-logo-neomed-pharma.png","contentUrl":"https:\/\/neomed-pharma.com\/wp-content\/uploads\/2026\/03\/cropped-logo-neomed-pharma.png","width":276,"height":65,"caption":"Neomed Pharma"},"image":{"@id":"https:\/\/neomed-pharma.com\/#\/schema\/logo\/image\/"}}]}},"_links":{"self":[{"href":"https:\/\/neomed-pharma.com\/fr\/wp-json\/wp\/v2\/product\/313","targetHints":{"allow":["GET"]}}],"collection":[{"href":"https:\/\/neomed-pharma.com\/fr\/wp-json\/wp\/v2\/product"}],"about":[{"href":"https:\/\/neomed-pharma.com\/fr\/wp-json\/wp\/v2\/types\/product"}],"replies":[{"embeddable":true,"href":"https:\/\/neomed-pharma.com\/fr\/wp-json\/wp\/v2\/comments?post=313"}],"wp:featuredmedia":[{"embeddable":true,"href":"https:\/\/neomed-pharma.com\/fr\/wp-json\/wp\/v2\/media\/314"}],"wp:attachment":[{"href":"https:\/\/neomed-pharma.com\/fr\/wp-json\/wp\/v2\/media?parent=313"}],"wp:term":[{"taxonomy":"product_brand","embeddable":true,"href":"https:\/\/neomed-pharma.com\/fr\/wp-json\/wp\/v2\/product_brand?post=313"},{"taxonomy":"product_cat","embeddable":true,"href":"https:\/\/neomed-pharma.com\/fr\/wp-json\/wp\/v2\/product_cat?post=313"},{"taxonomy":"product_tag","embeddable":true,"href":"https:\/\/neomed-pharma.com\/fr\/wp-json\/wp\/v2\/product_tag?post=313"}],"curies":[{"name":"wp","href":"https:\/\/api.w.org\/{rel}","templated":true}]}}