{"id":30,"date":"2026-03-24T12:14:00","date_gmt":"2026-03-24T12:14:00","guid":{"rendered":"https:\/\/neomed-pharma.com\/?post_type=product&#038;p=30"},"modified":"2026-05-04T23:36:55","modified_gmt":"2026-05-04T23:36:55","slug":"nutripferd-natuerliches-ergaenzungsfutter-fuer-pferde","status":"publish","type":"product","link":"https:\/\/neomed-pharma.com\/fr\/produit\/nutripferd-natuerliches-ergaenzungsfutter-fuer-pferde\/","title":{"rendered":"Nutripferd \u2013 Compl\u00e9ment alimentaire naturel pour chevaux"},"content":{"rendered":"<p><strong>Nutripferd\u2122<\/strong> est un aliment compos\u00e9 pour chevaux \u00e0 base d'algues.<br \/>\nLes algues marines activent les propri\u00e9t\u00e9s positives des animaux.<\/p>\n<p>La preuve pratique a \u00e9t\u00e9 d\u00e9montr\u00e9e lors d'un essai sur le terrain.<\/p>\n<ul>\n<li>1000 cavaliers avec des chevaux atteints d'ecz\u00e9ma ont re\u00e7u pendant 3 mois en juin 1997 <strong>Nutripferd\u2122<\/strong>, apr\u00e8s avoir rempli le questionnaire publi\u00e9 dans la Reiter Revue.<\/li>\n<li>800 ont renvoy\u00e9 le 2\u00e8me questionnaire apr\u00e8s 3 mois, le SUCC\u00c8S \u00e9tait de 72%. Tous les cavaliers ont pu garder leurs chevaux \u201e comme d'habitude \u201c, il n'y avait aucune restriction concernant la d\u00e9tention et la race.<\/li>\n<\/ul>\n<p>So nebenbei, kann <strong>Nutripferd\u2122<\/strong> r\u00e9duire l'utilisation des suppl\u00e9ments min\u00e9raux et vitaminiques.<\/p>\n<p><strong><br \/>\nApplication<\/strong><\/p>\n<ul>\n<li>Chevaux (jusqu'\u00e0 environ 500 kg) 10 g par jour (1 cuill\u00e8re \u00e0 soupe)<\/li>\n<li>Chevaux (plus d'environ 500 kg) 15 g par jour<\/li>\n<li>Juments pleines 20 g par jour<\/li>\n<li>Pouliches, poneys (jusqu'\u00e0 environ 150 kg) 5 g (1 cuill\u00e8re \u00e0 caf\u00e9) par jour<\/li>\n<\/ul>\n<p>Un godet doseur est inclus.<br \/>\n<strong>Le seau de 10 kg suffit pour 2,5 ans pour un cheval jusqu'\u00e0 500 kg de poids.<\/strong><br \/>\nInt\u00e9ressant aussi pour les communaut\u00e9s d'\u00e9quitation. Longue dur\u00e9e de conservation.<\/p>\n<p><strong>Nutripferd\u2122<\/strong> peut \u00eatre nourri toute l'ann\u00e9e ou de mani\u00e8re saisonni\u00e8re. Une alimentation tout au long de l'ann\u00e9e maintient l'animal dans un \u00e9tat optimal.<\/p>\n<ul>\n<li>Nourrissez initialement le <strong>Nutripferd\u2122<\/strong> (10 g) dans la main, avec de la banane, une pomme, une brioche ou une autre friandise pr\u00e9f\u00e9r\u00e9e de votre cheval. Ceci est important pour s'assurer qu'elle est consomm\u00e9e.<\/li>\n<li>Nourrir une fois par jour, l'heure importe peu, la r\u00e9gularit\u00e9 est importante<\/li>\n<li>Plus tard, il peut \u00e9galement \u00eatre administr\u00e9 avec de la nourriture humide. Veillez \u00e0 ce qu'il ne reste pas au sol ou qu'il ne soit pas emport\u00e9 par le vent.<\/li>\n<li>Entretenir la peau sensible ext\u00e9rieurement avec de l'huile NBS en compl\u00e9ment pendant la p\u00e9riode initiale.<\/li>\n<\/ul>\n<p><strong><br \/>\nUne bo\u00eete de 500 g suffit pour 50 jours pour un cheval jusqu'\u00e0 500 kg.<br \/>\nLe seau de 4 kg est suffisant pour 1 an pour un cheval pesant jusqu'\u00e0 500 kg.<br \/>\nLe seau de 10 kg suffit pour 2,5 ans pour un cheval jusqu'\u00e0 500 kg de poids.<\/strong><\/p>\n<p>prix au kilo<\/p>","protected":false},"excerpt":{"rendered":"<p>Aliment compl\u00e9mentaire naturel pour chevaux \u00e0 base d'algues marines de haute qualit\u00e9. Soutient le pelage, la peau et le m\u00e9tabolisme, contribuant ainsi \u00e0 une apparence saine. Id\u00e9al pour les chevaux de tous \u00e2ges.<\/p>","protected":false},"featured_media":36,"comment_status":"open","ping_status":"closed","template":"","meta":[],"product_brand":[],"product_cat":[19,18],"product_tag":[],"class_list":{"0":"post-30","1":"product","2":"type-product","3":"status-publish","4":"has-post-thumbnail","6":"product_cat-futter-ergaenzung","7":"product_cat-pferde","9":"first","10":"instock","11":"taxable","12":"shipping-taxable","13":"purchasable","14":"product-type-variable"},"yoast_head":"<!-- This site is optimized with the Yoast SEO plugin v27.2 - https:\/\/yoast.com\/product\/yoast-seo-wordpress\/ -->\n<title>Nutripferd \u2013 Nat\u00fcrliches Erg\u00e4nzungsfutter f\u00fcr Pferde - Neomed Pharma<\/title>\n<meta name=\"robots\" content=\"index, follow, max-snippet:-1, max-image-preview:large, max-video-preview:-1\" \/>\n<link rel=\"canonical\" href=\"https:\/\/neomed-pharma.com\/fr\/produit\/nutripferd-natuerliches-ergaenzungsfutter-fuer-pferde\/\" \/>\n<meta property=\"og:locale\" content=\"fr_FR\" \/>\n<meta property=\"og:type\" content=\"article\" \/>\n<meta property=\"og:title\" content=\"Nutripferd \u2013 Nat\u00fcrliches Erg\u00e4nzungsfutter f\u00fcr Pferde - Neomed Pharma\" \/>\n<meta property=\"og:description\" content=\"Nat\u00fcrliches Erg\u00e4nzungsfuttermittel f\u00fcr Pferde auf Basis hochwertiger Meeresalgen. Unterst\u00fctzt Fell, Haut und Stoffwechsel und tr\u00e4gt zu einem gesunden Erscheinungsbild bei. Ideal f\u00fcr Pferde aller Altersklassen.\" \/>\n<meta property=\"og:url\" content=\"https:\/\/neomed-pharma.com\/fr\/produit\/nutripferd-natuerliches-ergaenzungsfutter-fuer-pferde\/\" \/>\n<meta property=\"og:site_name\" content=\"Neomed Pharma\" \/>\n<meta property=\"article:modified_time\" content=\"2026-05-04T23:36:55+00:00\" \/>\n<meta property=\"og:image\" content=\"https:\/\/neomed-pharma.com\/wp-content\/uploads\/2026\/03\/Fotos-Neomed-Pharma_0034_web-768x768.png\" \/>\n\t<meta property=\"og:image:width\" content=\"768\" \/>\n\t<meta property=\"og:image:height\" content=\"768\" \/>\n\t<meta property=\"og:image:type\" content=\"image\/png\" \/>\n<meta name=\"twitter:card\" content=\"summary_large_image\" \/>\n<meta name=\"twitter:label1\" content=\"Dur\u00e9e de lecture estim\u00e9e\" \/>\n\t<meta name=\"twitter:data1\" content=\"2 minutes\" \/>\n<script type=\"application\/ld+json\" class=\"yoast-schema-graph\">{\"@context\":\"https:\/\/schema.org\",\"@graph\":[{\"@type\":\"WebPage\",\"@id\":\"https:\/\/neomed-pharma.com\/produkt\/nutripferd-natuerliches-ergaenzungsfutter-fuer-pferde\/\",\"url\":\"https:\/\/neomed-pharma.com\/produkt\/nutripferd-natuerliches-ergaenzungsfutter-fuer-pferde\/\",\"name\":\"Nutripferd \u2013 Nat\u00fcrliches Erg\u00e4nzungsfutter f\u00fcr Pferde - Neomed Pharma\",\"isPartOf\":{\"@id\":\"https:\/\/neomed-pharma.com\/#website\"},\"primaryImageOfPage\":{\"@id\":\"https:\/\/neomed-pharma.com\/produkt\/nutripferd-natuerliches-ergaenzungsfutter-fuer-pferde\/#primaryimage\"},\"image\":{\"@id\":\"https:\/\/neomed-pharma.com\/produkt\/nutripferd-natuerliches-ergaenzungsfutter-fuer-pferde\/#primaryimage\"},\"thumbnailUrl\":\"https:\/\/neomed-pharma.com\/wp-content\/uploads\/2026\/03\/Fotos-Neomed-Pharma_0034_web.png\",\"datePublished\":\"2026-03-24T12:14:00+00:00\",\"dateModified\":\"2026-05-04T23:36:55+00:00\",\"breadcrumb\":{\"@id\":\"https:\/\/neomed-pharma.com\/produkt\/nutripferd-natuerliches-ergaenzungsfutter-fuer-pferde\/#breadcrumb\"},\"inLanguage\":\"fr-FR\",\"potentialAction\":[{\"@type\":\"ReadAction\",\"target\":[\"https:\/\/neomed-pharma.com\/produkt\/nutripferd-natuerliches-ergaenzungsfutter-fuer-pferde\/\"]}]},{\"@type\":\"ImageObject\",\"inLanguage\":\"fr-FR\",\"@id\":\"https:\/\/neomed-pharma.com\/produkt\/nutripferd-natuerliches-ergaenzungsfutter-fuer-pferde\/#primaryimage\",\"url\":\"https:\/\/neomed-pharma.com\/wp-content\/uploads\/2026\/03\/Fotos-Neomed-Pharma_0034_web.png\",\"contentUrl\":\"https:\/\/neomed-pharma.com\/wp-content\/uploads\/2026\/03\/Fotos-Neomed-Pharma_0034_web.png\",\"width\":1781,\"height\":1781},{\"@type\":\"BreadcrumbList\",\"@id\":\"https:\/\/neomed-pharma.com\/produkt\/nutripferd-natuerliches-ergaenzungsfutter-fuer-pferde\/#breadcrumb\",\"itemListElement\":[{\"@type\":\"ListItem\",\"position\":1,\"name\":\"Start\",\"item\":\"https:\/\/neomed-pharma.com\/\"},{\"@type\":\"ListItem\",\"position\":2,\"name\":\"Shop-alt\",\"item\":\"https:\/\/neomed-pharma.com\/shop-alt\/\"},{\"@type\":\"ListItem\",\"position\":3,\"name\":\"Nutripferd \u2013 Nat\u00fcrliches Erg\u00e4nzungsfutter f\u00fcr Pferde\"}]},{\"@type\":\"WebSite\",\"@id\":\"https:\/\/neomed-pharma.com\/#website\",\"url\":\"https:\/\/neomed-pharma.com\/\",\"name\":\"Neomed Pharma\",\"description\":\"Nat\u00fcrliche Produkte auf der Basis von Meeresalgen\",\"publisher\":{\"@id\":\"https:\/\/neomed-pharma.com\/#organization\"},\"potentialAction\":[{\"@type\":\"SearchAction\",\"target\":{\"@type\":\"EntryPoint\",\"urlTemplate\":\"https:\/\/neomed-pharma.com\/?s={search_term_string}\"},\"query-input\":{\"@type\":\"PropertyValueSpecification\",\"valueRequired\":true,\"valueName\":\"search_term_string\"}}],\"inLanguage\":\"fr-FR\"},{\"@type\":\"Organization\",\"@id\":\"https:\/\/neomed-pharma.com\/#organization\",\"name\":\"Neomed Pharma\",\"url\":\"https:\/\/neomed-pharma.com\/\",\"logo\":{\"@type\":\"ImageObject\",\"inLanguage\":\"fr-FR\",\"@id\":\"https:\/\/neomed-pharma.com\/#\/schema\/logo\/image\/\",\"url\":\"https:\/\/neomed-pharma.com\/wp-content\/uploads\/2026\/03\/cropped-logo-neomed-pharma.png\",\"contentUrl\":\"https:\/\/neomed-pharma.com\/wp-content\/uploads\/2026\/03\/cropped-logo-neomed-pharma.png\",\"width\":276,\"height\":65,\"caption\":\"Neomed Pharma\"},\"image\":{\"@id\":\"https:\/\/neomed-pharma.com\/#\/schema\/logo\/image\/\"}}]}<\/script>\n<!-- \/ Yoast SEO plugin. -->","yoast_head_json":{"title":"Nutripferd \u2013 Nat\u00fcrliches Erg\u00e4nzungsfutter f\u00fcr Pferde - Neomed Pharma","robots":{"index":"index","follow":"follow","max-snippet":"max-snippet:-1","max-image-preview":"max-image-preview:large","max-video-preview":"max-video-preview:-1"},"canonical":"https:\/\/neomed-pharma.com\/fr\/produit\/nutripferd-natuerliches-ergaenzungsfutter-fuer-pferde\/","og_locale":"fr_FR","og_type":"article","og_title":"Nutripferd \u2013 Nat\u00fcrliches Erg\u00e4nzungsfutter f\u00fcr Pferde - Neomed Pharma","og_description":"Nat\u00fcrliches Erg\u00e4nzungsfuttermittel f\u00fcr Pferde auf Basis hochwertiger Meeresalgen. Unterst\u00fctzt Fell, Haut und Stoffwechsel und tr\u00e4gt zu einem gesunden Erscheinungsbild bei. Ideal f\u00fcr Pferde aller Altersklassen.","og_url":"https:\/\/neomed-pharma.com\/fr\/produit\/nutripferd-natuerliches-ergaenzungsfutter-fuer-pferde\/","og_site_name":"Neomed Pharma","article_modified_time":"2026-05-04T23:36:55+00:00","og_image":[{"width":768,"height":768,"url":"https:\/\/neomed-pharma.com\/wp-content\/uploads\/2026\/03\/Fotos-Neomed-Pharma_0034_web-768x768.png","type":"image\/png"}],"twitter_card":"summary_large_image","twitter_misc":{"Dur\u00e9e de lecture estim\u00e9e":"2 minutes"},"schema":{"@context":"https:\/\/schema.org","@graph":[{"@type":"WebPage","@id":"https:\/\/neomed-pharma.com\/produkt\/nutripferd-natuerliches-ergaenzungsfutter-fuer-pferde\/","url":"https:\/\/neomed-pharma.com\/produkt\/nutripferd-natuerliches-ergaenzungsfutter-fuer-pferde\/","name":"Nutripferd \u2013 Nat\u00fcrliches Erg\u00e4nzungsfutter f\u00fcr Pferde - Neomed Pharma","isPartOf":{"@id":"https:\/\/neomed-pharma.com\/#website"},"primaryImageOfPage":{"@id":"https:\/\/neomed-pharma.com\/produkt\/nutripferd-natuerliches-ergaenzungsfutter-fuer-pferde\/#primaryimage"},"image":{"@id":"https:\/\/neomed-pharma.com\/produkt\/nutripferd-natuerliches-ergaenzungsfutter-fuer-pferde\/#primaryimage"},"thumbnailUrl":"https:\/\/neomed-pharma.com\/wp-content\/uploads\/2026\/03\/Fotos-Neomed-Pharma_0034_web.png","datePublished":"2026-03-24T12:14:00+00:00","dateModified":"2026-05-04T23:36:55+00:00","breadcrumb":{"@id":"https:\/\/neomed-pharma.com\/produkt\/nutripferd-natuerliches-ergaenzungsfutter-fuer-pferde\/#breadcrumb"},"inLanguage":"fr-FR","potentialAction":[{"@type":"ReadAction","target":["https:\/\/neomed-pharma.com\/produkt\/nutripferd-natuerliches-ergaenzungsfutter-fuer-pferde\/"]}]},{"@type":"ImageObject","inLanguage":"fr-FR","@id":"https:\/\/neomed-pharma.com\/produkt\/nutripferd-natuerliches-ergaenzungsfutter-fuer-pferde\/#primaryimage","url":"https:\/\/neomed-pharma.com\/wp-content\/uploads\/2026\/03\/Fotos-Neomed-Pharma_0034_web.png","contentUrl":"https:\/\/neomed-pharma.com\/wp-content\/uploads\/2026\/03\/Fotos-Neomed-Pharma_0034_web.png","width":1781,"height":1781},{"@type":"BreadcrumbList","@id":"https:\/\/neomed-pharma.com\/produkt\/nutripferd-natuerliches-ergaenzungsfutter-fuer-pferde\/#breadcrumb","itemListElement":[{"@type":"ListItem","position":1,"name":"Start","item":"https:\/\/neomed-pharma.com\/"},{"@type":"ListItem","position":2,"name":"Shop-alt","item":"https:\/\/neomed-pharma.com\/shop-alt\/"},{"@type":"ListItem","position":3,"name":"Nutripferd \u2013 Nat\u00fcrliches Erg\u00e4nzungsfutter f\u00fcr Pferde"}]},{"@type":"WebSite","@id":"https:\/\/neomed-pharma.com\/#website","url":"https:\/\/neomed-pharma.com\/","name":"Neomed Pharma","description":"Produits naturels \u00e0 base d'algues marines","publisher":{"@id":"https:\/\/neomed-pharma.com\/#organization"},"potentialAction":[{"@type":"SearchAction","target":{"@type":"EntryPoint","urlTemplate":"https:\/\/neomed-pharma.com\/?s={search_term_string}"},"query-input":{"@type":"PropertyValueSpecification","valueRequired":true,"valueName":"search_term_string"}}],"inLanguage":"fr-FR"},{"@type":"Organization","@id":"https:\/\/neomed-pharma.com\/#organization","name":"Neomed Pharma","url":"https:\/\/neomed-pharma.com\/","logo":{"@type":"ImageObject","inLanguage":"fr-FR","@id":"https:\/\/neomed-pharma.com\/#\/schema\/logo\/image\/","url":"https:\/\/neomed-pharma.com\/wp-content\/uploads\/2026\/03\/cropped-logo-neomed-pharma.png","contentUrl":"https:\/\/neomed-pharma.com\/wp-content\/uploads\/2026\/03\/cropped-logo-neomed-pharma.png","width":276,"height":65,"caption":"Neomed Pharma"},"image":{"@id":"https:\/\/neomed-pharma.com\/#\/schema\/logo\/image\/"}}]}},"_links":{"self":[{"href":"https:\/\/neomed-pharma.com\/fr\/wp-json\/wp\/v2\/product\/30","targetHints":{"allow":["GET"]}}],"collection":[{"href":"https:\/\/neomed-pharma.com\/fr\/wp-json\/wp\/v2\/product"}],"about":[{"href":"https:\/\/neomed-pharma.com\/fr\/wp-json\/wp\/v2\/types\/product"}],"replies":[{"embeddable":true,"href":"https:\/\/neomed-pharma.com\/fr\/wp-json\/wp\/v2\/comments?post=30"}],"wp:featuredmedia":[{"embeddable":true,"href":"https:\/\/neomed-pharma.com\/fr\/wp-json\/wp\/v2\/media\/36"}],"wp:attachment":[{"href":"https:\/\/neomed-pharma.com\/fr\/wp-json\/wp\/v2\/media?parent=30"}],"wp:term":[{"taxonomy":"product_brand","embeddable":true,"href":"https:\/\/neomed-pharma.com\/fr\/wp-json\/wp\/v2\/product_brand?post=30"},{"taxonomy":"product_cat","embeddable":true,"href":"https:\/\/neomed-pharma.com\/fr\/wp-json\/wp\/v2\/product_cat?post=30"},{"taxonomy":"product_tag","embeddable":true,"href":"https:\/\/neomed-pharma.com\/fr\/wp-json\/wp\/v2\/product_tag?post=30"}],"curies":[{"name":"wp","href":"https:\/\/api.w.org\/{rel}","templated":true}]}}