{"id":527,"date":"2026-03-30T00:36:53","date_gmt":"2026-03-30T00:36:53","guid":{"rendered":"https:\/\/neomed-pharma.com\/?post_type=product&#038;p=527"},"modified":"2026-05-04T23:20:53","modified_gmt":"2026-05-04T23:20:53","slug":"nutripferd-nbs-schutz-rundum-set","status":"publish","type":"product","link":"https:\/\/neomed-pharma.com\/en\/product\/nutripferd-nbs-schutz-rundum-set\/","title":{"rendered":"Nutripferd + NBS + Protection - All-in-One Set"},"content":{"rendered":"<p><strong>500 g tin of Nutripferd\u2122<\/strong><\/p>\n<p>Nutripferd\u2122 is an algae-based compound feed for horses.<br \/>\nSeaweed activates the positive properties of animals.<\/p>\n<p>The practical demonstration was carried out in a field test.<\/p>\n<p>1,000 riders with horses suffering from eczema received Nutrihorse\u2122 for 3 months in June 1997 after completing the questionnaire published in Reiter Revue.<br \/>\n800 sent back the 2nd questionnaire after 3 months, the SUCCESS rate was 72%. All riders were able to keep their horses \u201eas usual\u201c, there were no restrictions on keeping and breed.<br \/>\nIncidentally, Nutripferd\u2122 can reduce the use of mineral and vitamin supplements.<\/p>\n<p><a href=\"https:\/\/neomed-pharma.com\/en\/WebRoot\/Store9\/Shops\/f61d84d7-ac96-4fe6-8b64-9f6e616d57ec\/MediaGallery\/Telechargements\/Sommerekzem.pdf\/\" target=\"_blank\" rel=\"noopener\" data-link-type=\"filemanager\" data-type=\"linkpicker\">Reference: Dr. vet. C. Olschewski Brochure Summer Eczema.pdf<\/a><\/p>\n<p>&nbsp;<\/p>\n<p><strong>NBS Brake &amp; Insect Repellent 500 ml<\/strong><\/p>\n<p>NBS Horsefly and Mosquito Repellent is an insect repellent against horseflies, ticks, flies and mosquitoes.<br \/>\nAnnoying biting insects can ruin even the best day \u2013 for both the horse and the rider. Therefore, it's natural to want to defend yourself against this nuisance. There are many options, and many products on the market. You don't have to kill the insects, after all.<br \/>\nIt is enough to keep them at a distance. Therefore, substances that do not particularly bother people and horses, but have a repellent effect on pests, are popular.<br \/>\nNow, many products are not particularly edible. This is not a problem for humans; we can discipline ourselves and generally don't lick ourselves or each other anyway - it's more difficult with horses. It's not easy to teach them to do without grooming.<br \/>\nNBS Brake &amp; Insect Repellent is available in 5-liter \u201erefill\u201c canisters, 500 ml with an economical micro-sprayer, or as a 100 ml pump spray.<\/p>\n<p>Effectiveness in hours<br \/>\nUp to 20 against mosquitoes<br \/>\nUp to 3 against ticks<br \/>\nUp to 8 against most other stinging or biting insects<br \/>\nIn a comparison by Stiftung Warentest, the active ingredient Icaridin (Autan) was awarded the best repellent.<\/p>\n<p>&nbsp;<\/p>\n<p><strong>NBS Care Product 1 Liter Bottle<\/strong><\/p>\n<p>We are often faced with the problem that horses suffer from skin and coat problems under unfavorable conditions, such as during summer eczema.<\/p>\n<p>NBS care products are odorless and penetrating \u2013 so they get onto the skin and don't stick in the hair.<\/p>\n<p>Cod liver oil as an emulsion was used in the 1960s for patients with minor burns. Advantage of cod liver oil:<\/p>\n<p>mild, doesn't burn the skin<br \/>\nreduces itching and activates skin cell renewal<br \/>\ncan be applied directly to inflamed, open, or crusted areas.<br \/>\nGently loosens scabs and keeps skin supple, also important for mud fever<br \/>\nNBS grooming products can also be optimally used for existinglichen, scabs, scaling, and skin impurities of the coat. The risk of cracked and brittle skin is reduced. NBS grooming products bring shine to the coat, mane, and tail.<\/p>\n<p>&nbsp;<\/p>\n<p><strong>Application:<\/strong><\/p>\n<p><strong>500 g tin of Nutripferd\u2122<\/strong><\/p>\n<p>Horses (up to approx. 500 kg) 10 g (1 tablespoon) daily<br \/>\nHorses (over approx. 500 kg) 15 g daily<br \/>\nMares, pregnant, 20 g daily<br \/>\nFoals, ponies (up to approx. 200 kg) 5 g (1 teaspoon) daily<br \/>\nA measuring cup is included.<br \/>\n4 x 500 g cans are enough for 200 days (6 months) for a horse up to 500 kg in weight.<\/p>\n<p>Nutripferd\u2122 can be fed year-round or seasonally. Year-round feeding keeps the animal in optimal condition.<br \/>\nInitially, feed Nutrihorse\u2122 (10g) by hand with banana, apple, bread, or your horse's other favorite treats. This is important to ensure it is consumed.<br \/>\nFeed once daily, the time doesn't matter, regularity is important<br \/>\nLater it can also be given over moist food. Please ensure that it does not remain on the floor or get blown away.<br \/>\nIn the initial phase, supplementarily care for the sensitive skin externally with NBS oil.<br \/>\n<a href=\"https:\/\/neomed-pharma.com\/en\/WebRoot\/Store9\/Shops\/f61d84d7-ac96-4fe6-8b64-9f6e616d57ec\/MediaGallery\/Telechargements\/Nutripferd-DE.pdf\/\" target=\"_blank\" rel=\"noopener\" data-link-type=\"filemanager\" data-type=\"linkpicker\">Nutripferd brochure.pdf<\/a><\/p>\n<p>&nbsp;<\/p>\n<p><strong>NBS Brake &amp; Insect Repellent 500 ml<\/strong><\/p>\n<p>Spray horses with the micro-sprayer as needed. NBS Brake &amp; Mosquito Repellent can be used several times a day to renew the protective effect for horse and rider.<br \/>\nAlso suitable for sensitive horses. Nevertheless, it goes without saying: Do not spray in the eyes and nostrils or on open wounds. In the case of mildew, you should test NBS Horsefly &amp; Mosquito Repellent on an inconspicuous area.<\/p>\n<p>&nbsp;<\/p>\n<p><strong>NBS Care Product 1 Liter Bottle<\/strong><\/p>\n<p>NBS grooming product is applied undiluted directly to the skin. Rub the NBS grooming product generously but gently, undiluted, into the horses as needed, once or several times daily. Since the oil is mild, it can also be used on sensitive areas.<\/p>\n<p>A positive effect occurs after a short time. 1-2 liters are sufficient in most cases for the entire summer.<\/p>","protected":false},"excerpt":{"rendered":"<p>\u2714 Interior care, care &amp; protection in one set <span class=\"Apple-converted-space\"><br \/>\n<\/span>\u2714 Supports metabolism, coat and skin <span class=\"Apple-converted-space\"><br \/>\n<\/span>\u2714 Includes mosquito and horsefly protection for the pasture season <span class=\"Apple-converted-space\">\u00a0<\/span><\/p>\n<p><strong>Everything your horse needs - strengthened from the inside, protected from the outside.<\/strong><\/p>","protected":false},"featured_media":528,"comment_status":"open","ping_status":"closed","template":"","meta":[],"product_brand":[],"product_cat":[18,28],"product_tag":[],"class_list":{"0":"post-527","1":"product","2":"type-product","3":"status-publish","4":"has-post-thumbnail","6":"product_cat-pferde","7":"product_cat-sets-und-kombipacks","9":"first","10":"instock","11":"taxable","12":"shipping-taxable","13":"purchasable","14":"product-type-simple"},"yoast_head":"<!-- This site is optimized with the Yoast SEO plugin v27.2 - https:\/\/yoast.com\/product\/yoast-seo-wordpress\/ -->\n<title>Nutripferd + NBS + Schutz - Rundum-Set - Neomed Pharma<\/title>\n<meta name=\"robots\" content=\"index, follow, max-snippet:-1, max-image-preview:large, max-video-preview:-1\" \/>\n<link rel=\"canonical\" href=\"https:\/\/neomed-pharma.com\/en\/product\/nutripferd-nbs-schutz-rundum-set\/\" \/>\n<meta property=\"og:locale\" content=\"en_US\" \/>\n<meta property=\"og:type\" content=\"article\" \/>\n<meta property=\"og:title\" content=\"Nutripferd + NBS + Schutz - Rundum-Set - Neomed Pharma\" \/>\n<meta property=\"og:description\" content=\"\u2714 Innenversorgung, Pflege &amp; Schutz in einem Set  \u2714 Unterst\u00fctzt Stoffwechsel, Fell und Haut  \u2714 Inklusive M\u00fccken- &amp; Bremsenschutz f\u00fcr die Weidezeit \u00a0  Alles, was dein Pferd braucht \u2013 von innen gest\u00e4rkt, von au\u00dfen gesch\u00fctzt.\" \/>\n<meta property=\"og:url\" content=\"https:\/\/neomed-pharma.com\/en\/product\/nutripferd-nbs-schutz-rundum-set\/\" \/>\n<meta property=\"og:site_name\" content=\"Neomed Pharma\" \/>\n<meta property=\"article:modified_time\" content=\"2026-05-04T23:20:53+00:00\" \/>\n<meta property=\"og:image\" content=\"https:\/\/neomed-pharma.com\/wp-content\/uploads\/2026\/03\/Fotos-Neomed-Pharma_pferdegesundheitspaket.png\" \/>\n\t<meta property=\"og:image:width\" content=\"800\" \/>\n\t<meta property=\"og:image:height\" content=\"800\" \/>\n\t<meta property=\"og:image:type\" content=\"image\/png\" \/>\n<meta name=\"twitter:card\" content=\"summary_large_image\" \/>\n<meta name=\"twitter:label1\" content=\"Est. reading time\" \/>\n\t<meta name=\"twitter:data1\" content=\"5 minutes\" \/>\n<script type=\"application\/ld+json\" class=\"yoast-schema-graph\">{\"@context\":\"https:\/\/schema.org\",\"@graph\":[{\"@type\":\"WebPage\",\"@id\":\"https:\/\/neomed-pharma.com\/produkt\/nutripferd-nbs-schutz-rundum-set\/\",\"url\":\"https:\/\/neomed-pharma.com\/produkt\/nutripferd-nbs-schutz-rundum-set\/\",\"name\":\"Nutripferd + NBS + Schutz - Rundum-Set - Neomed Pharma\",\"isPartOf\":{\"@id\":\"https:\/\/neomed-pharma.com\/#website\"},\"primaryImageOfPage\":{\"@id\":\"https:\/\/neomed-pharma.com\/produkt\/nutripferd-nbs-schutz-rundum-set\/#primaryimage\"},\"image\":{\"@id\":\"https:\/\/neomed-pharma.com\/produkt\/nutripferd-nbs-schutz-rundum-set\/#primaryimage\"},\"thumbnailUrl\":\"https:\/\/neomed-pharma.com\/wp-content\/uploads\/2026\/03\/Fotos-Neomed-Pharma_pferdegesundheitspaket.png\",\"datePublished\":\"2026-03-30T00:36:53+00:00\",\"dateModified\":\"2026-05-04T23:20:53+00:00\",\"breadcrumb\":{\"@id\":\"https:\/\/neomed-pharma.com\/produkt\/nutripferd-nbs-schutz-rundum-set\/#breadcrumb\"},\"inLanguage\":\"en-US\",\"potentialAction\":[{\"@type\":\"ReadAction\",\"target\":[\"https:\/\/neomed-pharma.com\/produkt\/nutripferd-nbs-schutz-rundum-set\/\"]}]},{\"@type\":\"ImageObject\",\"inLanguage\":\"en-US\",\"@id\":\"https:\/\/neomed-pharma.com\/produkt\/nutripferd-nbs-schutz-rundum-set\/#primaryimage\",\"url\":\"https:\/\/neomed-pharma.com\/wp-content\/uploads\/2026\/03\/Fotos-Neomed-Pharma_pferdegesundheitspaket.png\",\"contentUrl\":\"https:\/\/neomed-pharma.com\/wp-content\/uploads\/2026\/03\/Fotos-Neomed-Pharma_pferdegesundheitspaket.png\",\"width\":1869,\"height\":1869},{\"@type\":\"BreadcrumbList\",\"@id\":\"https:\/\/neomed-pharma.com\/produkt\/nutripferd-nbs-schutz-rundum-set\/#breadcrumb\",\"itemListElement\":[{\"@type\":\"ListItem\",\"position\":1,\"name\":\"Start\",\"item\":\"https:\/\/neomed-pharma.com\/\"},{\"@type\":\"ListItem\",\"position\":2,\"name\":\"Shop-alt\",\"item\":\"https:\/\/neomed-pharma.com\/shop-alt\/\"},{\"@type\":\"ListItem\",\"position\":3,\"name\":\"Nutripferd + NBS + Schutz &#8211; Rundum-Set\"}]},{\"@type\":\"WebSite\",\"@id\":\"https:\/\/neomed-pharma.com\/#website\",\"url\":\"https:\/\/neomed-pharma.com\/\",\"name\":\"Neomed Pharma\",\"description\":\"Nat\u00fcrliche Produkte auf der Basis von Meeresalgen\",\"publisher\":{\"@id\":\"https:\/\/neomed-pharma.com\/#organization\"},\"potentialAction\":[{\"@type\":\"SearchAction\",\"target\":{\"@type\":\"EntryPoint\",\"urlTemplate\":\"https:\/\/neomed-pharma.com\/?s={search_term_string}\"},\"query-input\":{\"@type\":\"PropertyValueSpecification\",\"valueRequired\":true,\"valueName\":\"search_term_string\"}}],\"inLanguage\":\"en-US\"},{\"@type\":\"Organization\",\"@id\":\"https:\/\/neomed-pharma.com\/#organization\",\"name\":\"Neomed Pharma\",\"url\":\"https:\/\/neomed-pharma.com\/\",\"logo\":{\"@type\":\"ImageObject\",\"inLanguage\":\"en-US\",\"@id\":\"https:\/\/neomed-pharma.com\/#\/schema\/logo\/image\/\",\"url\":\"https:\/\/neomed-pharma.com\/wp-content\/uploads\/2026\/03\/cropped-logo-neomed-pharma.png\",\"contentUrl\":\"https:\/\/neomed-pharma.com\/wp-content\/uploads\/2026\/03\/cropped-logo-neomed-pharma.png\",\"width\":276,\"height\":65,\"caption\":\"Neomed Pharma\"},\"image\":{\"@id\":\"https:\/\/neomed-pharma.com\/#\/schema\/logo\/image\/\"}}]}<\/script>\n<!-- \/ Yoast SEO plugin. -->","yoast_head_json":{"title":"Nutripferd + NBS + Schutz - Rundum-Set - Neomed Pharma","robots":{"index":"index","follow":"follow","max-snippet":"max-snippet:-1","max-image-preview":"max-image-preview:large","max-video-preview":"max-video-preview:-1"},"canonical":"https:\/\/neomed-pharma.com\/en\/product\/nutripferd-nbs-schutz-rundum-set\/","og_locale":"en_US","og_type":"article","og_title":"Nutripferd + NBS + Schutz - Rundum-Set - Neomed Pharma","og_description":"\u2714 Innenversorgung, Pflege &amp; Schutz in einem Set  \u2714 Unterst\u00fctzt Stoffwechsel, Fell und Haut  \u2714 Inklusive M\u00fccken- &amp; Bremsenschutz f\u00fcr die Weidezeit \u00a0  Alles, was dein Pferd braucht \u2013 von innen gest\u00e4rkt, von au\u00dfen gesch\u00fctzt.","og_url":"https:\/\/neomed-pharma.com\/en\/product\/nutripferd-nbs-schutz-rundum-set\/","og_site_name":"Neomed Pharma","article_modified_time":"2026-05-04T23:20:53+00:00","og_image":[{"url":"https:\/\/neomed-pharma.com\/wp-content\/uploads\/2026\/03\/Fotos-Neomed-Pharma_pferdegesundheitspaket.png","width":800,"height":800,"type":"image\/png"}],"twitter_card":"summary_large_image","twitter_misc":{"Est. reading time":"5 minutes"},"schema":{"@context":"https:\/\/schema.org","@graph":[{"@type":"WebPage","@id":"https:\/\/neomed-pharma.com\/produkt\/nutripferd-nbs-schutz-rundum-set\/","url":"https:\/\/neomed-pharma.com\/produkt\/nutripferd-nbs-schutz-rundum-set\/","name":"Nutripferd + NBS + Schutz - Rundum-Set - Neomed Pharma","isPartOf":{"@id":"https:\/\/neomed-pharma.com\/#website"},"primaryImageOfPage":{"@id":"https:\/\/neomed-pharma.com\/produkt\/nutripferd-nbs-schutz-rundum-set\/#primaryimage"},"image":{"@id":"https:\/\/neomed-pharma.com\/produkt\/nutripferd-nbs-schutz-rundum-set\/#primaryimage"},"thumbnailUrl":"https:\/\/neomed-pharma.com\/wp-content\/uploads\/2026\/03\/Fotos-Neomed-Pharma_pferdegesundheitspaket.png","datePublished":"2026-03-30T00:36:53+00:00","dateModified":"2026-05-04T23:20:53+00:00","breadcrumb":{"@id":"https:\/\/neomed-pharma.com\/produkt\/nutripferd-nbs-schutz-rundum-set\/#breadcrumb"},"inLanguage":"en-US","potentialAction":[{"@type":"ReadAction","target":["https:\/\/neomed-pharma.com\/produkt\/nutripferd-nbs-schutz-rundum-set\/"]}]},{"@type":"ImageObject","inLanguage":"en-US","@id":"https:\/\/neomed-pharma.com\/produkt\/nutripferd-nbs-schutz-rundum-set\/#primaryimage","url":"https:\/\/neomed-pharma.com\/wp-content\/uploads\/2026\/03\/Fotos-Neomed-Pharma_pferdegesundheitspaket.png","contentUrl":"https:\/\/neomed-pharma.com\/wp-content\/uploads\/2026\/03\/Fotos-Neomed-Pharma_pferdegesundheitspaket.png","width":1869,"height":1869},{"@type":"BreadcrumbList","@id":"https:\/\/neomed-pharma.com\/produkt\/nutripferd-nbs-schutz-rundum-set\/#breadcrumb","itemListElement":[{"@type":"ListItem","position":1,"name":"Start","item":"https:\/\/neomed-pharma.com\/"},{"@type":"ListItem","position":2,"name":"Shop-alt","item":"https:\/\/neomed-pharma.com\/shop-alt\/"},{"@type":"ListItem","position":3,"name":"Nutripferd + NBS + Schutz &#8211; Rundum-Set"}]},{"@type":"WebSite","@id":"https:\/\/neomed-pharma.com\/#website","url":"https:\/\/neomed-pharma.com\/","name":"Neomed Pharma","description":"Natural products based on seaweed","publisher":{"@id":"https:\/\/neomed-pharma.com\/#organization"},"potentialAction":[{"@type":"SearchAction","target":{"@type":"EntryPoint","urlTemplate":"https:\/\/neomed-pharma.com\/?s={search_term_string}"},"query-input":{"@type":"PropertyValueSpecification","valueRequired":true,"valueName":"search_term_string"}}],"inLanguage":"en-US"},{"@type":"Organization","@id":"https:\/\/neomed-pharma.com\/#organization","name":"Neomed Pharma","url":"https:\/\/neomed-pharma.com\/","logo":{"@type":"ImageObject","inLanguage":"en-US","@id":"https:\/\/neomed-pharma.com\/#\/schema\/logo\/image\/","url":"https:\/\/neomed-pharma.com\/wp-content\/uploads\/2026\/03\/cropped-logo-neomed-pharma.png","contentUrl":"https:\/\/neomed-pharma.com\/wp-content\/uploads\/2026\/03\/cropped-logo-neomed-pharma.png","width":276,"height":65,"caption":"Neomed Pharma"},"image":{"@id":"https:\/\/neomed-pharma.com\/#\/schema\/logo\/image\/"}}]}},"_links":{"self":[{"href":"https:\/\/neomed-pharma.com\/en\/wp-json\/wp\/v2\/product\/527","targetHints":{"allow":["GET"]}}],"collection":[{"href":"https:\/\/neomed-pharma.com\/en\/wp-json\/wp\/v2\/product"}],"about":[{"href":"https:\/\/neomed-pharma.com\/en\/wp-json\/wp\/v2\/types\/product"}],"replies":[{"embeddable":true,"href":"https:\/\/neomed-pharma.com\/en\/wp-json\/wp\/v2\/comments?post=527"}],"wp:featuredmedia":[{"embeddable":true,"href":"https:\/\/neomed-pharma.com\/en\/wp-json\/wp\/v2\/media\/528"}],"wp:attachment":[{"href":"https:\/\/neomed-pharma.com\/en\/wp-json\/wp\/v2\/media?parent=527"}],"wp:term":[{"taxonomy":"product_brand","embeddable":true,"href":"https:\/\/neomed-pharma.com\/en\/wp-json\/wp\/v2\/product_brand?post=527"},{"taxonomy":"product_cat","embeddable":true,"href":"https:\/\/neomed-pharma.com\/en\/wp-json\/wp\/v2\/product_cat?post=527"},{"taxonomy":"product_tag","embeddable":true,"href":"https:\/\/neomed-pharma.com\/en\/wp-json\/wp\/v2\/product_tag?post=527"}],"curies":[{"name":"wp","href":"https:\/\/api.w.org\/{rel}","templated":true}]}}