{"id":316,"date":"2026-03-26T12:40:45","date_gmt":"2026-03-26T12:40:45","guid":{"rendered":"https:\/\/neomed-pharma.com\/?post_type=product&#038;p=316"},"modified":"2026-05-04T23:35:11","modified_gmt":"2026-05-04T23:35:11","slug":"nbs-schweif-maehnenspray","status":"publish","type":"product","link":"https:\/\/neomed-pharma.com\/en\/product\/nbs-schweif-maehnenspray\/","title":{"rendered":"NBS Tail &amp; Mane Spray"},"content":{"rendered":"<p>The product is for better combability of the tail and mane. The scent is very pleasant, not greasy, and allows for better combability.<br \/>\nPro: Halter and bridle do not slip.<\/p>\n<p>Easy to use and as needed, 1-2 times a week. Also suitable for sensitive horses. How about a styling session for your horse?<\/p>\n<p>&nbsp;<\/p>\n<p><strong>Application:<\/strong><\/p>\n<p>Simply spray on the tail and mane.<\/p>","protected":false},"excerpt":{"rendered":"<p>Shine, care, and easy combing:<br \/>\nThe NBS Mane &amp; Tail Spray ensures smooth hair, reduces pulling, and gives the mane and tail a well-groomed, naturally beautiful appearance.<\/p>\n<p>1 l = 26.18 \u20ac<\/p>","protected":false},"featured_media":319,"comment_status":"open","ping_status":"closed","template":"","meta":[],"product_brand":[],"product_cat":[18,23],"product_tag":[],"class_list":{"0":"post-316","1":"product","2":"type-product","3":"status-publish","4":"has-post-thumbnail","6":"product_cat-pferde","7":"product_cat-pflege","9":"first","10":"instock","11":"taxable","12":"shipping-taxable","13":"purchasable","14":"product-type-simple"},"yoast_head":"<!-- This site is optimized with the Yoast SEO plugin v27.2 - https:\/\/yoast.com\/product\/yoast-seo-wordpress\/ -->\n<title>NBS Schweif- &amp; M\u00e4hnenspray - Neomed Pharma<\/title>\n<meta name=\"robots\" content=\"index, follow, max-snippet:-1, max-image-preview:large, max-video-preview:-1\" \/>\n<link rel=\"canonical\" href=\"https:\/\/neomed-pharma.com\/en\/product\/nbs-schweif-maehnenspray\/\" \/>\n<meta property=\"og:locale\" content=\"en_US\" \/>\n<meta property=\"og:type\" content=\"article\" \/>\n<meta property=\"og:title\" content=\"NBS Schweif- &amp; M\u00e4hnenspray - Neomed Pharma\" \/>\n<meta property=\"og:description\" content=\"Glanz, Pflege und einfache K\u00e4mmbarkeit: Das NBS Schweif- &amp; M\u00e4hnenspray sorgt f\u00fcr geschmeidiges Haar, reduziert Ziepen und verleiht M\u00e4hne und Schweif ein gepflegtes, nat\u00fcrlich sch\u00f6nes Aussehen.  1 l = 26,18 \u20ac\" \/>\n<meta property=\"og:url\" content=\"https:\/\/neomed-pharma.com\/en\/product\/nbs-schweif-maehnenspray\/\" \/>\n<meta property=\"og:site_name\" content=\"Neomed Pharma\" \/>\n<meta property=\"article:modified_time\" content=\"2026-05-04T23:35:11+00:00\" \/>\n<meta property=\"og:image\" content=\"https:\/\/neomed-pharma.com\/wp-content\/uploads\/2026\/03\/Fotos-Neomed-Pharma_schweif-maehne-d-1024x1024.png\" \/>\n\t<meta property=\"og:image:width\" content=\"1024\" \/>\n\t<meta property=\"og:image:height\" content=\"1024\" \/>\n\t<meta property=\"og:image:type\" content=\"image\/png\" \/>\n<meta name=\"twitter:card\" content=\"summary_large_image\" \/>\n<meta name=\"twitter:label1\" content=\"Est. reading time\" \/>\n\t<meta name=\"twitter:data1\" content=\"1 minute\" \/>\n<script type=\"application\/ld+json\" class=\"yoast-schema-graph\">{\"@context\":\"https:\/\/schema.org\",\"@graph\":[{\"@type\":\"WebPage\",\"@id\":\"https:\/\/neomed-pharma.com\/produkt\/nbs-schweif-maehnenspray\/\",\"url\":\"https:\/\/neomed-pharma.com\/produkt\/nbs-schweif-maehnenspray\/\",\"name\":\"NBS Schweif- & M\u00e4hnenspray - Neomed Pharma\",\"isPartOf\":{\"@id\":\"https:\/\/neomed-pharma.com\/#website\"},\"primaryImageOfPage\":{\"@id\":\"https:\/\/neomed-pharma.com\/produkt\/nbs-schweif-maehnenspray\/#primaryimage\"},\"image\":{\"@id\":\"https:\/\/neomed-pharma.com\/produkt\/nbs-schweif-maehnenspray\/#primaryimage\"},\"thumbnailUrl\":\"https:\/\/neomed-pharma.com\/wp-content\/uploads\/2026\/03\/Fotos-Neomed-Pharma_schweif-maehne-d-scaled.png\",\"datePublished\":\"2026-03-26T12:40:45+00:00\",\"dateModified\":\"2026-05-04T23:35:11+00:00\",\"breadcrumb\":{\"@id\":\"https:\/\/neomed-pharma.com\/produkt\/nbs-schweif-maehnenspray\/#breadcrumb\"},\"inLanguage\":\"en-US\",\"potentialAction\":[{\"@type\":\"ReadAction\",\"target\":[\"https:\/\/neomed-pharma.com\/produkt\/nbs-schweif-maehnenspray\/\"]}]},{\"@type\":\"ImageObject\",\"inLanguage\":\"en-US\",\"@id\":\"https:\/\/neomed-pharma.com\/produkt\/nbs-schweif-maehnenspray\/#primaryimage\",\"url\":\"https:\/\/neomed-pharma.com\/wp-content\/uploads\/2026\/03\/Fotos-Neomed-Pharma_schweif-maehne-d-scaled.png\",\"contentUrl\":\"https:\/\/neomed-pharma.com\/wp-content\/uploads\/2026\/03\/Fotos-Neomed-Pharma_schweif-maehne-d-scaled.png\",\"width\":2560,\"height\":2560},{\"@type\":\"BreadcrumbList\",\"@id\":\"https:\/\/neomed-pharma.com\/produkt\/nbs-schweif-maehnenspray\/#breadcrumb\",\"itemListElement\":[{\"@type\":\"ListItem\",\"position\":1,\"name\":\"Start\",\"item\":\"https:\/\/neomed-pharma.com\/\"},{\"@type\":\"ListItem\",\"position\":2,\"name\":\"Shop-alt\",\"item\":\"https:\/\/neomed-pharma.com\/shop-alt\/\"},{\"@type\":\"ListItem\",\"position\":3,\"name\":\"NBS Schweif- &#038; M\u00e4hnenspray\"}]},{\"@type\":\"WebSite\",\"@id\":\"https:\/\/neomed-pharma.com\/#website\",\"url\":\"https:\/\/neomed-pharma.com\/\",\"name\":\"Neomed Pharma\",\"description\":\"Nat\u00fcrliche Produkte auf der Basis von Meeresalgen\",\"publisher\":{\"@id\":\"https:\/\/neomed-pharma.com\/#organization\"},\"potentialAction\":[{\"@type\":\"SearchAction\",\"target\":{\"@type\":\"EntryPoint\",\"urlTemplate\":\"https:\/\/neomed-pharma.com\/?s={search_term_string}\"},\"query-input\":{\"@type\":\"PropertyValueSpecification\",\"valueRequired\":true,\"valueName\":\"search_term_string\"}}],\"inLanguage\":\"en-US\"},{\"@type\":\"Organization\",\"@id\":\"https:\/\/neomed-pharma.com\/#organization\",\"name\":\"Neomed Pharma\",\"url\":\"https:\/\/neomed-pharma.com\/\",\"logo\":{\"@type\":\"ImageObject\",\"inLanguage\":\"en-US\",\"@id\":\"https:\/\/neomed-pharma.com\/#\/schema\/logo\/image\/\",\"url\":\"https:\/\/neomed-pharma.com\/wp-content\/uploads\/2026\/03\/cropped-logo-neomed-pharma.png\",\"contentUrl\":\"https:\/\/neomed-pharma.com\/wp-content\/uploads\/2026\/03\/cropped-logo-neomed-pharma.png\",\"width\":276,\"height\":65,\"caption\":\"Neomed Pharma\"},\"image\":{\"@id\":\"https:\/\/neomed-pharma.com\/#\/schema\/logo\/image\/\"}}]}<\/script>\n<!-- \/ Yoast SEO plugin. -->","yoast_head_json":{"title":"NBS Schweif- & M\u00e4hnenspray - Neomed Pharma","robots":{"index":"index","follow":"follow","max-snippet":"max-snippet:-1","max-image-preview":"max-image-preview:large","max-video-preview":"max-video-preview:-1"},"canonical":"https:\/\/neomed-pharma.com\/en\/product\/nbs-schweif-maehnenspray\/","og_locale":"en_US","og_type":"article","og_title":"NBS Schweif- & M\u00e4hnenspray - Neomed Pharma","og_description":"Glanz, Pflege und einfache K\u00e4mmbarkeit: Das NBS Schweif- &amp; M\u00e4hnenspray sorgt f\u00fcr geschmeidiges Haar, reduziert Ziepen und verleiht M\u00e4hne und Schweif ein gepflegtes, nat\u00fcrlich sch\u00f6nes Aussehen.  1 l = 26,18 \u20ac","og_url":"https:\/\/neomed-pharma.com\/en\/product\/nbs-schweif-maehnenspray\/","og_site_name":"Neomed Pharma","article_modified_time":"2026-05-04T23:35:11+00:00","og_image":[{"width":1024,"height":1024,"url":"https:\/\/neomed-pharma.com\/wp-content\/uploads\/2026\/03\/Fotos-Neomed-Pharma_schweif-maehne-d-1024x1024.png","type":"image\/png"}],"twitter_card":"summary_large_image","twitter_misc":{"Est. reading time":"1 minute"},"schema":{"@context":"https:\/\/schema.org","@graph":[{"@type":"WebPage","@id":"https:\/\/neomed-pharma.com\/produkt\/nbs-schweif-maehnenspray\/","url":"https:\/\/neomed-pharma.com\/produkt\/nbs-schweif-maehnenspray\/","name":"NBS Schweif- & M\u00e4hnenspray - Neomed Pharma","isPartOf":{"@id":"https:\/\/neomed-pharma.com\/#website"},"primaryImageOfPage":{"@id":"https:\/\/neomed-pharma.com\/produkt\/nbs-schweif-maehnenspray\/#primaryimage"},"image":{"@id":"https:\/\/neomed-pharma.com\/produkt\/nbs-schweif-maehnenspray\/#primaryimage"},"thumbnailUrl":"https:\/\/neomed-pharma.com\/wp-content\/uploads\/2026\/03\/Fotos-Neomed-Pharma_schweif-maehne-d-scaled.png","datePublished":"2026-03-26T12:40:45+00:00","dateModified":"2026-05-04T23:35:11+00:00","breadcrumb":{"@id":"https:\/\/neomed-pharma.com\/produkt\/nbs-schweif-maehnenspray\/#breadcrumb"},"inLanguage":"en-US","potentialAction":[{"@type":"ReadAction","target":["https:\/\/neomed-pharma.com\/produkt\/nbs-schweif-maehnenspray\/"]}]},{"@type":"ImageObject","inLanguage":"en-US","@id":"https:\/\/neomed-pharma.com\/produkt\/nbs-schweif-maehnenspray\/#primaryimage","url":"https:\/\/neomed-pharma.com\/wp-content\/uploads\/2026\/03\/Fotos-Neomed-Pharma_schweif-maehne-d-scaled.png","contentUrl":"https:\/\/neomed-pharma.com\/wp-content\/uploads\/2026\/03\/Fotos-Neomed-Pharma_schweif-maehne-d-scaled.png","width":2560,"height":2560},{"@type":"BreadcrumbList","@id":"https:\/\/neomed-pharma.com\/produkt\/nbs-schweif-maehnenspray\/#breadcrumb","itemListElement":[{"@type":"ListItem","position":1,"name":"Start","item":"https:\/\/neomed-pharma.com\/"},{"@type":"ListItem","position":2,"name":"Shop-alt","item":"https:\/\/neomed-pharma.com\/shop-alt\/"},{"@type":"ListItem","position":3,"name":"NBS Schweif- &#038; M\u00e4hnenspray"}]},{"@type":"WebSite","@id":"https:\/\/neomed-pharma.com\/#website","url":"https:\/\/neomed-pharma.com\/","name":"Neomed Pharma","description":"Natural products based on seaweed","publisher":{"@id":"https:\/\/neomed-pharma.com\/#organization"},"potentialAction":[{"@type":"SearchAction","target":{"@type":"EntryPoint","urlTemplate":"https:\/\/neomed-pharma.com\/?s={search_term_string}"},"query-input":{"@type":"PropertyValueSpecification","valueRequired":true,"valueName":"search_term_string"}}],"inLanguage":"en-US"},{"@type":"Organization","@id":"https:\/\/neomed-pharma.com\/#organization","name":"Neomed Pharma","url":"https:\/\/neomed-pharma.com\/","logo":{"@type":"ImageObject","inLanguage":"en-US","@id":"https:\/\/neomed-pharma.com\/#\/schema\/logo\/image\/","url":"https:\/\/neomed-pharma.com\/wp-content\/uploads\/2026\/03\/cropped-logo-neomed-pharma.png","contentUrl":"https:\/\/neomed-pharma.com\/wp-content\/uploads\/2026\/03\/cropped-logo-neomed-pharma.png","width":276,"height":65,"caption":"Neomed Pharma"},"image":{"@id":"https:\/\/neomed-pharma.com\/#\/schema\/logo\/image\/"}}]}},"_links":{"self":[{"href":"https:\/\/neomed-pharma.com\/en\/wp-json\/wp\/v2\/product\/316","targetHints":{"allow":["GET"]}}],"collection":[{"href":"https:\/\/neomed-pharma.com\/en\/wp-json\/wp\/v2\/product"}],"about":[{"href":"https:\/\/neomed-pharma.com\/en\/wp-json\/wp\/v2\/types\/product"}],"replies":[{"embeddable":true,"href":"https:\/\/neomed-pharma.com\/en\/wp-json\/wp\/v2\/comments?post=316"}],"wp:featuredmedia":[{"embeddable":true,"href":"https:\/\/neomed-pharma.com\/en\/wp-json\/wp\/v2\/media\/319"}],"wp:attachment":[{"href":"https:\/\/neomed-pharma.com\/en\/wp-json\/wp\/v2\/media?parent=316"}],"wp:term":[{"taxonomy":"product_brand","embeddable":true,"href":"https:\/\/neomed-pharma.com\/en\/wp-json\/wp\/v2\/product_brand?post=316"},{"taxonomy":"product_cat","embeddable":true,"href":"https:\/\/neomed-pharma.com\/en\/wp-json\/wp\/v2\/product_cat?post=316"},{"taxonomy":"product_tag","embeddable":true,"href":"https:\/\/neomed-pharma.com\/en\/wp-json\/wp\/v2\/product_tag?post=316"}],"curies":[{"name":"wp","href":"https:\/\/api.w.org\/{rel}","templated":true}]}}