{"id":313,"date":"2026-03-26T11:56:03","date_gmt":"2026-03-26T11:56:03","guid":{"rendered":"https:\/\/neomed-pharma.com\/?post_type=product&#038;p=313"},"modified":"2026-05-04T23:35:30","modified_gmt":"2026-05-04T23:35:30","slug":"nbs-pflegemittel","status":"publish","type":"product","link":"https:\/\/neomed-pharma.com\/en\/product\/nbs-pflegemittel\/","title":{"rendered":"NBS Nursing Care Products"},"content":{"rendered":"<p>We are often faced with the problem that horses suffer from skin and coat problems under unfavorable conditions, such as during summer eczema.<\/p>\n<p><strong>NBS Nursing Care Products <\/strong>is odorless and creeping - so it goes on the skin and does not stick to the hair.<\/p>\n<p>Cod liver oil as an emulsion was used in the 1960s for patients with minor burns. Advantage of cod liver oil:<\/p>\n<ul>\n<li>mild, doesn't burn the skin<\/li>\n<li>reduces itching and activates skin cell renewal<\/li>\n<li>can be applied directly to inflamed, open, or crusted areas.<\/li>\n<li>Gently loosens scabs and keeps skin supple, also important for mud fever<\/li>\n<\/ul>\n<p><strong>NBS Nursing Care Products<\/strong> can also be used optimally for existing lichen, grind, dandruff and skin impurities in the coat. The risk of cracked and brittle skin is reduced. <strong>NBS Nursing Care Products <\/strong>Adds shine to coat, mane, and tail.<\/p>\n<p>&nbsp;<\/p>\n<p><strong>NBS Nursing Care Products<\/strong> is applied undiluted directly to the skin. Apply generously but gently to horses once or several times a day as required with undiluted <strong>NBS Nursing Care Products<\/strong> rub in. As the oil is mild, it can also be used on sensitive areas.<\/p>\n<p>A positive effect occurs after a short time. 1-2 liters are sufficient in most cases for the entire summer.<\/p>","protected":false},"excerpt":{"rendered":"<p>Bald patches on the horse's coat are particularly distressing for animals suffering from sweet itch. <strong>NBS Nursing Care Products<\/strong> with the well-known good properties of liver trans when applied externally, reduces itching and supports skin cell regeneration. <strong>Natural Bio Stimular (NBS)<\/strong> Care product consists of a special composition of cod liver oil and selected oils and is nevertheless odorless!<\/p>","protected":false},"featured_media":314,"comment_status":"open","ping_status":"closed","template":"","meta":[],"product_brand":[],"product_cat":[18,23],"product_tag":[],"class_list":{"0":"post-313","1":"product","2":"type-product","3":"status-publish","4":"has-post-thumbnail","6":"product_cat-pferde","7":"product_cat-pflege","9":"first","10":"instock","11":"taxable","12":"shipping-taxable","13":"purchasable","14":"product-type-simple"},"yoast_head":"<!-- This site is optimized with the Yoast SEO plugin v27.2 - https:\/\/yoast.com\/product\/yoast-seo-wordpress\/ -->\n<title>NBS Pflegemittel - Neomed Pharma<\/title>\n<meta name=\"robots\" content=\"index, follow, max-snippet:-1, max-image-preview:large, max-video-preview:-1\" \/>\n<link rel=\"canonical\" href=\"https:\/\/neomed-pharma.com\/en\/product\/nbs-pflegemittel\/\" \/>\n<meta property=\"og:locale\" content=\"en_US\" \/>\n<meta property=\"og:type\" content=\"article\" \/>\n<meta property=\"og:title\" content=\"NBS Pflegemittel - Neomed Pharma\" \/>\n<meta property=\"og:description\" content=\"Kahle Stellen des Pferdefells qu\u00e4len vor allem die Tiere, die unter Sommerekzem leiden. NBS Pflegemittel mit den bekannten guten Eigenschaften des Lebertrans bei \u00e4u\u00dferlicher Anwendung wirkt juckreizmindernd und unterst\u00fctzt die Hautzellregeneration. Natural Bio Stimular (NBS) Pflegemittel besteht auf einer speziellen Zusammensetzung von Lebertran und ausgesuchten \u00d6len und ist dennoch geruchlos!\" \/>\n<meta property=\"og:url\" content=\"https:\/\/neomed-pharma.com\/en\/product\/nbs-pflegemittel\/\" \/>\n<meta property=\"og:site_name\" content=\"Neomed Pharma\" \/>\n<meta property=\"article:modified_time\" content=\"2026-05-04T23:35:30+00:00\" \/>\n<meta property=\"og:image\" content=\"https:\/\/neomed-pharma.com\/wp-content\/uploads\/2026\/03\/Fotos-Neomed-Pharma_nbs-pflegemittel_web-1024x1024.png\" \/>\n\t<meta property=\"og:image:width\" content=\"1024\" \/>\n\t<meta property=\"og:image:height\" content=\"1024\" \/>\n\t<meta property=\"og:image:type\" content=\"image\/png\" \/>\n<meta name=\"twitter:card\" content=\"summary_large_image\" \/>\n<meta name=\"twitter:label1\" content=\"Est. reading time\" \/>\n\t<meta name=\"twitter:data1\" content=\"2 minutes\" \/>\n<script type=\"application\/ld+json\" class=\"yoast-schema-graph\">{\"@context\":\"https:\/\/schema.org\",\"@graph\":[{\"@type\":\"WebPage\",\"@id\":\"https:\/\/neomed-pharma.com\/produkt\/nbs-pflegemittel\/\",\"url\":\"https:\/\/neomed-pharma.com\/produkt\/nbs-pflegemittel\/\",\"name\":\"NBS Pflegemittel - Neomed Pharma\",\"isPartOf\":{\"@id\":\"https:\/\/neomed-pharma.com\/#website\"},\"primaryImageOfPage\":{\"@id\":\"https:\/\/neomed-pharma.com\/produkt\/nbs-pflegemittel\/#primaryimage\"},\"image\":{\"@id\":\"https:\/\/neomed-pharma.com\/produkt\/nbs-pflegemittel\/#primaryimage\"},\"thumbnailUrl\":\"https:\/\/neomed-pharma.com\/wp-content\/uploads\/2026\/03\/Fotos-Neomed-Pharma_nbs-pflegemittel_web.png\",\"datePublished\":\"2026-03-26T11:56:03+00:00\",\"dateModified\":\"2026-05-04T23:35:30+00:00\",\"breadcrumb\":{\"@id\":\"https:\/\/neomed-pharma.com\/produkt\/nbs-pflegemittel\/#breadcrumb\"},\"inLanguage\":\"en-US\",\"potentialAction\":[{\"@type\":\"ReadAction\",\"target\":[\"https:\/\/neomed-pharma.com\/produkt\/nbs-pflegemittel\/\"]}]},{\"@type\":\"ImageObject\",\"inLanguage\":\"en-US\",\"@id\":\"https:\/\/neomed-pharma.com\/produkt\/nbs-pflegemittel\/#primaryimage\",\"url\":\"https:\/\/neomed-pharma.com\/wp-content\/uploads\/2026\/03\/Fotos-Neomed-Pharma_nbs-pflegemittel_web.png\",\"contentUrl\":\"https:\/\/neomed-pharma.com\/wp-content\/uploads\/2026\/03\/Fotos-Neomed-Pharma_nbs-pflegemittel_web.png\",\"width\":1730,\"height\":1730},{\"@type\":\"BreadcrumbList\",\"@id\":\"https:\/\/neomed-pharma.com\/produkt\/nbs-pflegemittel\/#breadcrumb\",\"itemListElement\":[{\"@type\":\"ListItem\",\"position\":1,\"name\":\"Start\",\"item\":\"https:\/\/neomed-pharma.com\/\"},{\"@type\":\"ListItem\",\"position\":2,\"name\":\"Shop-alt\",\"item\":\"https:\/\/neomed-pharma.com\/shop-alt\/\"},{\"@type\":\"ListItem\",\"position\":3,\"name\":\"NBS Pflegemittel\"}]},{\"@type\":\"WebSite\",\"@id\":\"https:\/\/neomed-pharma.com\/#website\",\"url\":\"https:\/\/neomed-pharma.com\/\",\"name\":\"Neomed Pharma\",\"description\":\"Nat\u00fcrliche Produkte auf der Basis von Meeresalgen\",\"publisher\":{\"@id\":\"https:\/\/neomed-pharma.com\/#organization\"},\"potentialAction\":[{\"@type\":\"SearchAction\",\"target\":{\"@type\":\"EntryPoint\",\"urlTemplate\":\"https:\/\/neomed-pharma.com\/?s={search_term_string}\"},\"query-input\":{\"@type\":\"PropertyValueSpecification\",\"valueRequired\":true,\"valueName\":\"search_term_string\"}}],\"inLanguage\":\"en-US\"},{\"@type\":\"Organization\",\"@id\":\"https:\/\/neomed-pharma.com\/#organization\",\"name\":\"Neomed Pharma\",\"url\":\"https:\/\/neomed-pharma.com\/\",\"logo\":{\"@type\":\"ImageObject\",\"inLanguage\":\"en-US\",\"@id\":\"https:\/\/neomed-pharma.com\/#\/schema\/logo\/image\/\",\"url\":\"https:\/\/neomed-pharma.com\/wp-content\/uploads\/2026\/03\/cropped-logo-neomed-pharma.png\",\"contentUrl\":\"https:\/\/neomed-pharma.com\/wp-content\/uploads\/2026\/03\/cropped-logo-neomed-pharma.png\",\"width\":276,\"height\":65,\"caption\":\"Neomed Pharma\"},\"image\":{\"@id\":\"https:\/\/neomed-pharma.com\/#\/schema\/logo\/image\/\"}}]}<\/script>\n<!-- \/ Yoast SEO plugin. -->","yoast_head_json":{"title":"NBS Pflegemittel - Neomed Pharma","robots":{"index":"index","follow":"follow","max-snippet":"max-snippet:-1","max-image-preview":"max-image-preview:large","max-video-preview":"max-video-preview:-1"},"canonical":"https:\/\/neomed-pharma.com\/en\/product\/nbs-pflegemittel\/","og_locale":"en_US","og_type":"article","og_title":"NBS Pflegemittel - Neomed Pharma","og_description":"Kahle Stellen des Pferdefells qu\u00e4len vor allem die Tiere, die unter Sommerekzem leiden. NBS Pflegemittel mit den bekannten guten Eigenschaften des Lebertrans bei \u00e4u\u00dferlicher Anwendung wirkt juckreizmindernd und unterst\u00fctzt die Hautzellregeneration. Natural Bio Stimular (NBS) Pflegemittel besteht auf einer speziellen Zusammensetzung von Lebertran und ausgesuchten \u00d6len und ist dennoch geruchlos!","og_url":"https:\/\/neomed-pharma.com\/en\/product\/nbs-pflegemittel\/","og_site_name":"Neomed Pharma","article_modified_time":"2026-05-04T23:35:30+00:00","og_image":[{"width":1024,"height":1024,"url":"https:\/\/neomed-pharma.com\/wp-content\/uploads\/2026\/03\/Fotos-Neomed-Pharma_nbs-pflegemittel_web-1024x1024.png","type":"image\/png"}],"twitter_card":"summary_large_image","twitter_misc":{"Est. reading time":"2 minutes"},"schema":{"@context":"https:\/\/schema.org","@graph":[{"@type":"WebPage","@id":"https:\/\/neomed-pharma.com\/produkt\/nbs-pflegemittel\/","url":"https:\/\/neomed-pharma.com\/produkt\/nbs-pflegemittel\/","name":"NBS Pflegemittel - Neomed Pharma","isPartOf":{"@id":"https:\/\/neomed-pharma.com\/#website"},"primaryImageOfPage":{"@id":"https:\/\/neomed-pharma.com\/produkt\/nbs-pflegemittel\/#primaryimage"},"image":{"@id":"https:\/\/neomed-pharma.com\/produkt\/nbs-pflegemittel\/#primaryimage"},"thumbnailUrl":"https:\/\/neomed-pharma.com\/wp-content\/uploads\/2026\/03\/Fotos-Neomed-Pharma_nbs-pflegemittel_web.png","datePublished":"2026-03-26T11:56:03+00:00","dateModified":"2026-05-04T23:35:30+00:00","breadcrumb":{"@id":"https:\/\/neomed-pharma.com\/produkt\/nbs-pflegemittel\/#breadcrumb"},"inLanguage":"en-US","potentialAction":[{"@type":"ReadAction","target":["https:\/\/neomed-pharma.com\/produkt\/nbs-pflegemittel\/"]}]},{"@type":"ImageObject","inLanguage":"en-US","@id":"https:\/\/neomed-pharma.com\/produkt\/nbs-pflegemittel\/#primaryimage","url":"https:\/\/neomed-pharma.com\/wp-content\/uploads\/2026\/03\/Fotos-Neomed-Pharma_nbs-pflegemittel_web.png","contentUrl":"https:\/\/neomed-pharma.com\/wp-content\/uploads\/2026\/03\/Fotos-Neomed-Pharma_nbs-pflegemittel_web.png","width":1730,"height":1730},{"@type":"BreadcrumbList","@id":"https:\/\/neomed-pharma.com\/produkt\/nbs-pflegemittel\/#breadcrumb","itemListElement":[{"@type":"ListItem","position":1,"name":"Start","item":"https:\/\/neomed-pharma.com\/"},{"@type":"ListItem","position":2,"name":"Shop-alt","item":"https:\/\/neomed-pharma.com\/shop-alt\/"},{"@type":"ListItem","position":3,"name":"NBS Pflegemittel"}]},{"@type":"WebSite","@id":"https:\/\/neomed-pharma.com\/#website","url":"https:\/\/neomed-pharma.com\/","name":"Neomed Pharma","description":"Natural products based on seaweed","publisher":{"@id":"https:\/\/neomed-pharma.com\/#organization"},"potentialAction":[{"@type":"SearchAction","target":{"@type":"EntryPoint","urlTemplate":"https:\/\/neomed-pharma.com\/?s={search_term_string}"},"query-input":{"@type":"PropertyValueSpecification","valueRequired":true,"valueName":"search_term_string"}}],"inLanguage":"en-US"},{"@type":"Organization","@id":"https:\/\/neomed-pharma.com\/#organization","name":"Neomed Pharma","url":"https:\/\/neomed-pharma.com\/","logo":{"@type":"ImageObject","inLanguage":"en-US","@id":"https:\/\/neomed-pharma.com\/#\/schema\/logo\/image\/","url":"https:\/\/neomed-pharma.com\/wp-content\/uploads\/2026\/03\/cropped-logo-neomed-pharma.png","contentUrl":"https:\/\/neomed-pharma.com\/wp-content\/uploads\/2026\/03\/cropped-logo-neomed-pharma.png","width":276,"height":65,"caption":"Neomed Pharma"},"image":{"@id":"https:\/\/neomed-pharma.com\/#\/schema\/logo\/image\/"}}]}},"_links":{"self":[{"href":"https:\/\/neomed-pharma.com\/en\/wp-json\/wp\/v2\/product\/313","targetHints":{"allow":["GET"]}}],"collection":[{"href":"https:\/\/neomed-pharma.com\/en\/wp-json\/wp\/v2\/product"}],"about":[{"href":"https:\/\/neomed-pharma.com\/en\/wp-json\/wp\/v2\/types\/product"}],"replies":[{"embeddable":true,"href":"https:\/\/neomed-pharma.com\/en\/wp-json\/wp\/v2\/comments?post=313"}],"wp:featuredmedia":[{"embeddable":true,"href":"https:\/\/neomed-pharma.com\/en\/wp-json\/wp\/v2\/media\/314"}],"wp:attachment":[{"href":"https:\/\/neomed-pharma.com\/en\/wp-json\/wp\/v2\/media?parent=313"}],"wp:term":[{"taxonomy":"product_brand","embeddable":true,"href":"https:\/\/neomed-pharma.com\/en\/wp-json\/wp\/v2\/product_brand?post=313"},{"taxonomy":"product_cat","embeddable":true,"href":"https:\/\/neomed-pharma.com\/en\/wp-json\/wp\/v2\/product_cat?post=313"},{"taxonomy":"product_tag","embeddable":true,"href":"https:\/\/neomed-pharma.com\/en\/wp-json\/wp\/v2\/product_tag?post=313"}],"curies":[{"name":"wp","href":"https:\/\/api.w.org\/{rel}","templated":true}]}}