{"id":626,"date":"2026-03-30T18:34:44","date_gmt":"2026-03-30T18:34:44","guid":{"rendered":"https:\/\/neomed-pharma.com\/?page_id=626"},"modified":"2026-04-02T14:10:23","modified_gmt":"2026-04-02T14:10:23","slug":"impressum","status":"publish","type":"page","link":"https:\/\/neomed-pharma.com\/en\/impressum\/","title":{"rendered":"Imprint"},"content":{"rendered":"\t\t<div data-elementor-type=\"wp-page\" data-elementor-id=\"626\" class=\"elementor elementor-626\" data-elementor-post-type=\"page\">\n\t\t\t\t<div class=\"elementor-element elementor-element-314f5ca e-flex e-con-boxed e-con e-parent\" data-id=\"314f5ca\" data-element_type=\"container\" data-e-type=\"container\">\n\t\t\t\t\t<div class=\"e-con-inner\">\n\t\t\t\t<div class=\"elementor-element elementor-element-e63df5d elementor-widget elementor-widget-spacer\" data-id=\"e63df5d\" data-element_type=\"widget\" data-e-type=\"widget\" data-widget_type=\"spacer.default\">\n\t\t\t\t\t\t\t<div class=\"elementor-spacer\">\n\t\t\t<div class=\"elementor-spacer-inner\"><\/div>\n\t\t<\/div>\n\t\t\t\t\t\t<\/div>\n\t\t\t\t<div class=\"elementor-element elementor-element-9bc5450 elementor-widget elementor-widget-heading\" data-id=\"9bc5450\" data-element_type=\"widget\" data-e-type=\"widget\" data-widget_type=\"heading.default\">\n\t\t\t\t\t<h2 class=\"elementor-heading-title elementor-size-default\">Impressum<\/h2>\t\t\t\t<\/div>\n\t\t\t\t<div class=\"elementor-element elementor-element-ae79646 elementor-widget elementor-widget-spacer\" data-id=\"ae79646\" data-element_type=\"widget\" data-e-type=\"widget\" data-widget_type=\"spacer.default\">\n\t\t\t\t\t\t\t<div class=\"elementor-spacer\">\n\t\t\t<div class=\"elementor-spacer-inner\"><\/div>\n\t\t<\/div>\n\t\t\t\t\t\t<\/div>\n\t\t\t\t<div class=\"elementor-element elementor-element-14c1ba5 elementor-widget elementor-widget-text-editor\" data-id=\"14c1ba5\" data-element_type=\"widget\" data-e-type=\"widget\" data-widget_type=\"text-editor.default\">\n\t\t\t\t\t\t\t\t\t<div><p><strong>Neomed Pharma GmbH<\/strong><br \/>Gesch\u00e4ftsf\u00fchrer: Val\u00e9rie Iven<br \/>eingetragen beim Amtsgericht L\u00fcbeck HRB 3135<br \/>USt-IdNo.: DE 135095153<br \/>verantwortlich f\u00fcr den Inhalt \u00a7 10 Absatz 3 MDStV: Val\u00e9rie Iven\u00a0<\/p><p><strong>Addresse:<\/strong><br \/>Moltkestrasse 38, 23564 L\u00fcbeck, Deutschland<\/p><p><strong>Kontakt:<\/strong><br \/>E-mail: info@neomed-pharma.com<br \/>Tel.: 0451 795024<\/p><p><strong>Konzept, Design und Realisierung:<\/strong><br \/>Toulouse Designb\u00fcro, Deutschland<\/p><p><strong>Privatsph\u00e4re<\/strong><br \/>Der Schutz Ihrer Privatsph\u00e4re und pers\u00f6nlichen Daten bei der Nutzung unserer Webseiten ist uns wichtig. Daher halten wir uns strikt an die Regeln der Datenschutzgesetze. Personenbezogene Daten erheben wir nur im technisch notwendigen Umfang. Die nachfolgenden Erkl\u00e4rungen und Erm\u00e4chtigungen geben Ihnen Aufschluss dar\u00fcber, wie wir diesen Schutz gew\u00e4hrleisten und welche Daten zu welchem Zweck erhoben werden.<\/p><p><strong>Bestelldaten<\/strong><br \/>Wir geben Ihre personenbezogenen Daten einschlie\u00dflich Ihrer Hausanschrift und E-Mail-Adresse nicht ohne Ihre ausdr\u00fcckliche und jederzeit widerrufliche Einwilligung an Dritte weiter. Ausgenommen hiervon sind lediglich unsere Dienstleistungspartner, die wir zur Abwicklung Ihrer Bestellung ben\u00f6tigen. Dazu geh\u00f6ren beispielsweise das beauftragte Versandunternehmen, das mit der Zahlungsabwicklung beauftragte Kreditinstitut oder Distributoren. In diesen F\u00e4llen leiten wir die Daten gem\u00e4\u00df den Vorgaben des Bundesdatenschutzgesetzes weiter. Der Umfang der \u00fcbermittelten Daten beschr\u00e4nkt sich auf ein Mindestma\u00df. Ihre schutzw\u00fcrdigen Belange werden gem\u00e4\u00df den gesetzlichen Bestimmungen ber\u00fccksichtigt.<\/p><p><strong>Google Analytics<\/strong><br \/>Diese Website benutzt Google Analytics, einen Webanalysedienst der Google Inc. (&#8222;Google&#8220;).<\/p><p>Google Analytics verwendet sog. &#8222;Cookies&#8220;, Textdateien, die auf Ihrem Computer gespeichert werden und die eine Analyse der Benutzung der Website durch Sie erm\u00f6glichen. Die durch den Cookie erzeugten Informationen \u00fcber Ihre Benutzung dieser Website werden in der Regel an einen Server von Google in den USA \u00fcbertragen und dort gespeichert. Im Falle der Aktivierung der IP-Anonymisierung auf dieser Webseite, wird Ihre IP-Adresse von Google jedoch innerhalb von Mitgliedstaaten der Europ\u00e4ischen Union oder in anderen Vertragsstaaten des Abkommens \u00fcber den Europ\u00e4ischen Wirtschaftsraum zuvor gek\u00fcrzt. Nur in Ausnahmef\u00e4llen wird die volle IP-Adresse an einen Server von Google in den USA \u00fcbertragen und dort gek\u00fcrzt. Im Auftrag des Betreibers dieser Website wird Google diese Informationen benutzen, um Ihre Nutzung der Website auszuwerten, um Reports \u00fcber die Websiteaktivit\u00e4ten zusammenzustellen und um weitere mit der Websitenutzung und der Internetnutzung verbundene Dienstleistungen gegen\u00fcber dem Websitebetreiber zu erbringen.<\/p><p>Die im Rahmen von Google Analytics von Ihrem Browser \u00fcbermittelte IP-Adresse wird nicht mit anderen Daten von Google zusammengef\u00fchrt. Sie k\u00f6nnen die Speicherung der Cookies durch eine entsprechende Einstellung Ihrer Browser-Software verhindern; wir weisen Sie jedoch darauf hin, dass Sie in diesem Fall gegebenenfalls nicht s\u00e4mtliche Funktionen dieser Website vollumf\u00e4nglich werden nutzen k\u00f6nnen. Sie k\u00f6nnen dar\u00fcber hinaus die Erfassung der durch das Cookie erzeugten und auf Ihre Nutzung der Website bezogenen Daten (inkl. Ihrer IP-Adresse) an Google sowie die Verarbeitung dieser Daten durch Google verhindern, indem sie das unter dem folgenden Link verf\u00fcgbare Browser-Plugin herunterladen und installieren [Der aktuelle Link ist http:\/\/tools.google.com\/dlpage\/gaoptout?hl=de].<\/p><p><strong>Verwendung von Facebook Social Plugins:<\/strong><br \/>Unser Internetauftritt verwendet Social Plugins (&#8222;Plugins&#8220;)\u00a0 des sozialen Netzwerkes facebook.com, welches von der Facebook Inc., 1601 S. California Ave, Palo Alto, CA 94304, USA betrieben wird (&#8222;Facebook&#8220;). Die Plugins sind mit einem Facebook Logo oder dem Zusatz &#8222;Facebook Social Plugin&#8220; gekennzeichnet.<\/p><p>Wenn Sie eine Webseite unseres Internetauftritts aufrufen, die ein solches Plugin enth\u00e4lt, baut Ihr Browser eine direkte Verbindung mit den Servern von Facebook auf. Der Inhalt des Plugins wird von Facebook direkt an Ihren Browser \u00fcbermittelt und von diesem in die Webseite eingebunden.<\/p><p>Durch die Einbindung der Plugins erh\u00e4lt Facebook die Information, dass Sie die entsprechende Seite unseres Internetauftritts aufgerufen haben. Sind Sie bei Facebook eingeloggt kann Facebook den Besuch Ihrem Facebook-Konto zuordnen. Wenn Sie mit den Plugins interagieren, zum Beispiel den &#8222;Gef\u00e4llt mir&#8220; Button bet\u00e4tigen oder einen Kommentar abgeben, wird die entsprechende Information von Ihrem Browser direkt an Facebook \u00fcbermittelt und dort gespeichert.<\/p><p>Zweck und Umfang der Datenerhebung und die weitere Verarbeitung und Nutzung der Daten durch Facebook sowie Ihre diesbez\u00fcglichen Rechte und Einstellungsm\u00f6glichkeiten zum Schutz Ihrer Privatssph\u00e4re entnehmen Sie bitte den Datenschutzhinweisen von Facebook.<\/p><p>Wenn Sie nicht m\u00f6chten, dass Facebook \u00fcber unseren Internetauftritt Daten \u00fcber Sie sammelt, m\u00fcssen Sie sich vor Ihrem Besuch unseres Internetauftritts bei Facebook ausloggen.<\/p><p><strong>Gespeicherte Daten<\/strong><br \/>Gem\u00e4\u00df \u00a7 34 BDSG haben Sie das Recht auf unentgeltliche Auskunft Ihrer bei uns gespeicherten Daten sowie gem\u00e4\u00df \u00a7 35 BDSG jederzeit das Recht auf Berichtigung, L\u00f6schung und Sperrung dieser personenbezogenen Daten. Sofern der L\u00f6schung gesetzliche, vertragliche, handels- bzw. steuerrechtliche Aufbewahrungsfristen oder Gr\u00fcnde entgegenstehen, erfolgt anstelle einer L\u00f6schung eine Sperrung Ihrer Daten. Wir erheben und speichern in den Logfiles unseres Webservers nur die Informationen, die Ihr Browser an uns \u00fcbermittelt. Dies sind: Betriebssystem, Browser-Typ\/-Version, IP-Adresse, Uhrzeit der Server-Anfrage, Webseite, von der aus Sie uns besuchen (Referrer-URL), und Webseiten, die Sie bei uns besuchen. Diese Daten lassen sich keinen bestimmten Personen zuordnen, d.h., Sie bleiben als einzelner Nutzer hierbei anonym. Eine Zusammenf\u00fchrung dieser Daten mit anderen Datenquellen wird nicht vorgenommen. Nach erfolgter statistischer Auswertung werden s\u00e4mtliche Daten gel\u00f6scht. Cookies Unser Online-Shop verwendet f\u00fcr den Inhalt Ihres Warenkorbs so genannte Cookies. Diese dienen dazu, unser Angebot nutzerfreundlicher, effektiver und sicherer zu machen. Cookies sind kleine Textdateien, die Ihr Internet-Browser auf Ihrem Rechner ablegt und speichert. Die von uns verwendeten Cookies sind so genannte &#8222;Session-Cookies&#8220;, diese werden nach Ende Ihres Besuchs automatisch gel\u00f6scht. Cookies richten auf Ihrem Rechner keinen Schaden an und enthalten auch keine Viren.<\/p><p><strong>Newsletter<\/strong><br \/>Bestellen Sie den von uns angebotenen Newsletter, ben\u00f6tigen wir von Ihnen nur eine g\u00fcltige E-Mail-Adresse. Nach der Anmeldung sendet Ihnen unser System eine E-Mail mit einem Aktivierungs-Link, womit Sie die Eintragung best\u00e4tigen. Damit gew\u00e4hrleisten wir, dass Sie tats\u00e4chlich der Inhaber der angegebenen E-Mail-Adresse sind und Sie mit dem Empfang des Newsletters einverstanden sind. Ihre Einwilligung zur Speicherung der E-Mail-Adresse sowie deren Nutzung zum Versand des Newsletters k\u00f6nnen Sie jederzeit widerrufen. S\u00e4mtliche von uns ver\u00f6ffentlichten Informationen, Daten, Grafiken und Publikationen wurden mit gr\u00f6\u00dfter Sorgfalt und nach bestem Wissen und Gewissen recherchiert, zusammengestellt und, soweit sie von externen Quellen stammen, unver\u00e4ndert \u00fcbernommen, ohne jedoch einen Anspruch auf Vollst\u00e4ndigkeit und Fehlerfreiheit zu erheben bzw. die M\u00f6glichkeit der Fehlinterpretation bzw. -nutzung durch Nutzer dieses Angebotes auszuschlie\u00dfen. Jeder Nutzer ist gehalten, die hier zur Verf\u00fcgung gestellten Informationen selbst auf Ihre Richtigkeit und Vollst\u00e4ndigkeit hin zu \u00fcberpr\u00fcfen. S\u00e4mtliche Logos, Firmenschriftz\u00fcge und Abbildungen d\u00fcrfen von den Nutzern dieses Informationsangebotes nicht f\u00fcr eigene Zwecke, gleich welcher Art, verwendet werden und unterliegen uneingeschr\u00e4nkt den Urheber- und Bildrechten der Inhaber\/Quellen. Desweiteren wird darauf hingewiesen, dass s\u00e4mtliche Informationen externer Quellen in jeglicher Hinsicht uneingeschr\u00e4nkten Copyright-Schutz genie\u00dfen; ausschlie\u00dflich nur zu Informationszwecken dienen und in keinem Falle &#8211; au\u00dfer zur eigenen Nutzung und Dokumentation (Download) &#8211; ohne schriftliche Einwilligung des jeweiligen Urhebers vervielf\u00e4ltigt, in eigene Ver\u00f6ffentlichungen eingebunden bzw. in irgendeiner sonstigen Form von Nutzern dieses Angebotes verwendet werden d\u00fcrfen. Jegliche Haftungs- und Schadensersatzanspr\u00fcche von Nutzern dieses Informationsangebotes aufgrund vorgenannter Gr\u00fcnde gegen\u00fcber uns sind ausgeschlossen. Mit Nutzung dieses Informationsangebotes erkennen Sie die vorstehenden Bedingungen als rechtlich verbindlich an.<\/p><p><strong>Neomed Pharma GmbH<\/strong><\/p><\/div><table class=\"Imprint\"><tbody><tr><th class=\"visually-hidden\" colspan=\"2\">\u00a0<\/th><\/tr><tr><td class=\"Label\">Adresse<\/td><td><p>Neomed Pharma GmbH<\/p><p>Moltkestrasse 38<br \/>23564 L\u00fcbeck<br \/>Deutschland<\/p><\/td><\/tr><tr><td class=\"Label\">Telefon<\/td><td>+49 (0)451 79 50 24<\/td><\/tr><tr><td class=\"Label\">Fax<\/td><td>+49 (0)451 79 28 95<\/td><\/tr><tr><td class=\"Label\">E-Mail<\/td><td><a id=\"ObscureImprint\" href=\"https:\/\/neomed-pharma.com\/epages\/f61d84d7-ac96-4fe6-8b64-9f6e616d57ec.sf\/de_DE\/bWFpbHRvOmluZm9AbmVvbWVkLXBoYXJtYS5jb20=\" rel=\"nofollow\">info@neomed-pharma.com<\/a><\/td><\/tr><\/tbody><\/table><div class=\"ImprintText\"><p>Umsatzsteuer-Identifikationsnummer: DE 135 065 153<br \/>Sie erreichen unseren Kundendienst f\u00fcr Fragen, Reklamationen und Beanstandungen unter: 0451 795024\u00a0 (Kernzeiten B\u00fcro: 8:30 Uhr \u2013 17:30 Uhr), sowie per E-Mail unter <a href=\"mailto:info@neomed-pharma.com\" data-link-type=\"external\" data-type=\"linkpicker\">info@neomed-pharma.com<\/a>.<br \/>F\u00fcr Anfragen k\u00f6nnen Sie auch das Kontaktformular auf unserer Internetseite nutzen.<\/p><\/div>\t\t\t\t\t\t\t\t<\/div>\n\t\t\t\t<div class=\"elementor-element elementor-element-4f09625 elementor-widget elementor-widget-spacer\" data-id=\"4f09625\" data-element_type=\"widget\" data-e-type=\"widget\" data-widget_type=\"spacer.default\">\n\t\t\t\t\t\t\t<div class=\"elementor-spacer\">\n\t\t\t<div class=\"elementor-spacer-inner\"><\/div>\n\t\t<\/div>\n\t\t\t\t\t\t<\/div>\n\t\t\t\t\t<\/div>\n\t\t\t\t<\/div>\n\t\t\t\t<\/div>\n\t\t","protected":false},"excerpt":{"rendered":"<p>Impressum Neomed Pharma GmbHGesch\u00e4ftsf\u00fchrer: Val\u00e9rie Iveneingetragen beim Amtsgericht L\u00fcbeck HRB 3135USt-IdNo.: DE 135095153verantwortlich f\u00fcr den Inhalt \u00a7 10 Absatz 3 MDStV: Val\u00e9rie Iven\u00a0 Addresse:Moltkestrasse 38, 23564 L\u00fcbeck, Deutschland Kontakt:E-mail: info@neomed-pharma.comTel.: 0451 795024 Konzept, Design und Realisierung:Toulouse Designb\u00fcro, Deutschland Privatsph\u00e4reDer Schutz Ihrer Privatsph\u00e4re und pers\u00f6nlichen Daten bei der Nutzung unserer Webseiten ist uns wichtig. Daher halten [&hellip;]<\/p>\n","protected":false},"author":2,"featured_media":0,"parent":0,"menu_order":0,"comment_status":"closed","ping_status":"closed","template":"","meta":{"footnotes":""},"class_list":["post-626","page","type-page","status-publish","hentry"],"yoast_head":"<!-- This site is optimized with the Yoast SEO plugin v27.2 - https:\/\/yoast.com\/product\/yoast-seo-wordpress\/ -->\n<title>Impressum - Neomed Pharma<\/title>\n<meta name=\"robots\" content=\"index, follow, max-snippet:-1, max-image-preview:large, max-video-preview:-1\" \/>\n<link rel=\"canonical\" href=\"https:\/\/neomed-pharma.com\/en\/impressum\/\" \/>\n<meta property=\"og:locale\" content=\"en_US\" \/>\n<meta property=\"og:type\" content=\"article\" \/>\n<meta property=\"og:title\" content=\"Impressum - Neomed Pharma\" \/>\n<meta property=\"og:description\" content=\"Impressum Neomed Pharma GmbHGesch\u00e4ftsf\u00fchrer: Val\u00e9rie Iveneingetragen beim Amtsgericht L\u00fcbeck HRB 3135USt-IdNo.: DE 135095153verantwortlich f\u00fcr den Inhalt \u00a7 10 Absatz 3 MDStV: Val\u00e9rie Iven\u00a0 Addresse:Moltkestrasse 38, 23564 L\u00fcbeck, Deutschland Kontakt:E-mail: info@neomed-pharma.comTel.: 0451 795024 Konzept, Design und Realisierung:Toulouse Designb\u00fcro, Deutschland Privatsph\u00e4reDer Schutz Ihrer Privatsph\u00e4re und pers\u00f6nlichen Daten bei der Nutzung unserer Webseiten ist uns wichtig. Daher halten [&hellip;]\" \/>\n<meta property=\"og:url\" content=\"https:\/\/neomed-pharma.com\/en\/impressum\/\" \/>\n<meta property=\"og:site_name\" content=\"Neomed Pharma\" \/>\n<meta property=\"article:modified_time\" content=\"2026-04-02T14:10:23+00:00\" \/>\n<meta name=\"twitter:card\" content=\"summary_large_image\" \/>\n<meta name=\"twitter:label1\" content=\"Est. reading time\" \/>\n\t<meta name=\"twitter:data1\" content=\"7 minutes\" \/>\n<script type=\"application\/ld+json\" class=\"yoast-schema-graph\">{\"@context\":\"https:\/\/schema.org\",\"@graph\":[{\"@type\":\"WebPage\",\"@id\":\"https:\/\/neomed-pharma.com\/en\/impressum\/\",\"url\":\"https:\/\/neomed-pharma.com\/en\/impressum\/\",\"name\":\"Impressum - Neomed Pharma\",\"isPartOf\":{\"@id\":\"https:\/\/neomed-pharma.com\/#website\"},\"datePublished\":\"2026-03-30T18:34:44+00:00\",\"dateModified\":\"2026-04-02T14:10:23+00:00\",\"breadcrumb\":{\"@id\":\"https:\/\/neomed-pharma.com\/en\/impressum\/#breadcrumb\"},\"inLanguage\":\"en-US\",\"potentialAction\":[{\"@type\":\"ReadAction\",\"target\":[\"https:\/\/neomed-pharma.com\/en\/impressum\/\"]}]},{\"@type\":\"BreadcrumbList\",\"@id\":\"https:\/\/neomed-pharma.com\/en\/impressum\/#breadcrumb\",\"itemListElement\":[{\"@type\":\"ListItem\",\"position\":1,\"name\":\"Start\",\"item\":\"https:\/\/neomed-pharma.com\/\"},{\"@type\":\"ListItem\",\"position\":2,\"name\":\"Impressum\"}]},{\"@type\":\"WebSite\",\"@id\":\"https:\/\/neomed-pharma.com\/#website\",\"url\":\"https:\/\/neomed-pharma.com\/\",\"name\":\"Neomed Pharma\",\"description\":\"Nat\u00fcrliche Produkte auf der Basis von Meeresalgen\",\"publisher\":{\"@id\":\"https:\/\/neomed-pharma.com\/#organization\"},\"potentialAction\":[{\"@type\":\"SearchAction\",\"target\":{\"@type\":\"EntryPoint\",\"urlTemplate\":\"https:\/\/neomed-pharma.com\/?s={search_term_string}\"},\"query-input\":{\"@type\":\"PropertyValueSpecification\",\"valueRequired\":true,\"valueName\":\"search_term_string\"}}],\"inLanguage\":\"en-US\"},{\"@type\":\"Organization\",\"@id\":\"https:\/\/neomed-pharma.com\/#organization\",\"name\":\"Neomed Pharma\",\"url\":\"https:\/\/neomed-pharma.com\/\",\"logo\":{\"@type\":\"ImageObject\",\"inLanguage\":\"en-US\",\"@id\":\"https:\/\/neomed-pharma.com\/#\/schema\/logo\/image\/\",\"url\":\"https:\/\/neomed-pharma.com\/wp-content\/uploads\/2026\/03\/cropped-logo-neomed-pharma.png\",\"contentUrl\":\"https:\/\/neomed-pharma.com\/wp-content\/uploads\/2026\/03\/cropped-logo-neomed-pharma.png\",\"width\":276,\"height\":65,\"caption\":\"Neomed Pharma\"},\"image\":{\"@id\":\"https:\/\/neomed-pharma.com\/#\/schema\/logo\/image\/\"}}]}<\/script>\n<!-- \/ Yoast SEO plugin. -->","yoast_head_json":{"title":"Impressum - Neomed Pharma","robots":{"index":"index","follow":"follow","max-snippet":"max-snippet:-1","max-image-preview":"max-image-preview:large","max-video-preview":"max-video-preview:-1"},"canonical":"https:\/\/neomed-pharma.com\/en\/impressum\/","og_locale":"en_US","og_type":"article","og_title":"Impressum - Neomed Pharma","og_description":"Impressum Neomed Pharma GmbHGesch\u00e4ftsf\u00fchrer: Val\u00e9rie Iveneingetragen beim Amtsgericht L\u00fcbeck HRB 3135USt-IdNo.: DE 135095153verantwortlich f\u00fcr den Inhalt \u00a7 10 Absatz 3 MDStV: Val\u00e9rie Iven\u00a0 Addresse:Moltkestrasse 38, 23564 L\u00fcbeck, Deutschland Kontakt:E-mail: info@neomed-pharma.comTel.: 0451 795024 Konzept, Design und Realisierung:Toulouse Designb\u00fcro, Deutschland Privatsph\u00e4reDer Schutz Ihrer Privatsph\u00e4re und pers\u00f6nlichen Daten bei der Nutzung unserer Webseiten ist uns wichtig. Daher halten [&hellip;]","og_url":"https:\/\/neomed-pharma.com\/en\/impressum\/","og_site_name":"Neomed Pharma","article_modified_time":"2026-04-02T14:10:23+00:00","twitter_card":"summary_large_image","twitter_misc":{"Est. reading time":"7 minutes"},"schema":{"@context":"https:\/\/schema.org","@graph":[{"@type":"WebPage","@id":"https:\/\/neomed-pharma.com\/en\/impressum\/","url":"https:\/\/neomed-pharma.com\/en\/impressum\/","name":"Impressum - Neomed Pharma","isPartOf":{"@id":"https:\/\/neomed-pharma.com\/#website"},"datePublished":"2026-03-30T18:34:44+00:00","dateModified":"2026-04-02T14:10:23+00:00","breadcrumb":{"@id":"https:\/\/neomed-pharma.com\/en\/impressum\/#breadcrumb"},"inLanguage":"en-US","potentialAction":[{"@type":"ReadAction","target":["https:\/\/neomed-pharma.com\/en\/impressum\/"]}]},{"@type":"BreadcrumbList","@id":"https:\/\/neomed-pharma.com\/en\/impressum\/#breadcrumb","itemListElement":[{"@type":"ListItem","position":1,"name":"Start","item":"https:\/\/neomed-pharma.com\/"},{"@type":"ListItem","position":2,"name":"Impressum"}]},{"@type":"WebSite","@id":"https:\/\/neomed-pharma.com\/#website","url":"https:\/\/neomed-pharma.com\/","name":"Neomed Pharma","description":"Natural products based on seaweed","publisher":{"@id":"https:\/\/neomed-pharma.com\/#organization"},"potentialAction":[{"@type":"SearchAction","target":{"@type":"EntryPoint","urlTemplate":"https:\/\/neomed-pharma.com\/?s={search_term_string}"},"query-input":{"@type":"PropertyValueSpecification","valueRequired":true,"valueName":"search_term_string"}}],"inLanguage":"en-US"},{"@type":"Organization","@id":"https:\/\/neomed-pharma.com\/#organization","name":"Neomed Pharma","url":"https:\/\/neomed-pharma.com\/","logo":{"@type":"ImageObject","inLanguage":"en-US","@id":"https:\/\/neomed-pharma.com\/#\/schema\/logo\/image\/","url":"https:\/\/neomed-pharma.com\/wp-content\/uploads\/2026\/03\/cropped-logo-neomed-pharma.png","contentUrl":"https:\/\/neomed-pharma.com\/wp-content\/uploads\/2026\/03\/cropped-logo-neomed-pharma.png","width":276,"height":65,"caption":"Neomed Pharma"},"image":{"@id":"https:\/\/neomed-pharma.com\/#\/schema\/logo\/image\/"}}]}},"_links":{"self":[{"href":"https:\/\/neomed-pharma.com\/en\/wp-json\/wp\/v2\/pages\/626","targetHints":{"allow":["GET"]}}],"collection":[{"href":"https:\/\/neomed-pharma.com\/en\/wp-json\/wp\/v2\/pages"}],"about":[{"href":"https:\/\/neomed-pharma.com\/en\/wp-json\/wp\/v2\/types\/page"}],"author":[{"embeddable":true,"href":"https:\/\/neomed-pharma.com\/en\/wp-json\/wp\/v2\/users\/2"}],"replies":[{"embeddable":true,"href":"https:\/\/neomed-pharma.com\/en\/wp-json\/wp\/v2\/comments?post=626"}],"version-history":[{"count":7,"href":"https:\/\/neomed-pharma.com\/en\/wp-json\/wp\/v2\/pages\/626\/revisions"}],"predecessor-version":[{"id":678,"href":"https:\/\/neomed-pharma.com\/en\/wp-json\/wp\/v2\/pages\/626\/revisions\/678"}],"wp:attachment":[{"href":"https:\/\/neomed-pharma.com\/en\/wp-json\/wp\/v2\/media?parent=626"}],"curies":[{"name":"wp","href":"https:\/\/api.w.org\/{rel}","templated":true}]}}